{"id":178,"date":"2023-11-17T16:32:20","date_gmt":"2023-11-17T14:32:20","guid":{"rendered":"https:\/\/kauppa.aavasaksanrinteet.fi\/?post_type=product&#038;p=178"},"modified":"2025-11-14T16:42:28","modified_gmt":"2025-11-14T16:42:28","slug":"perhekortti-hiihtohissi","status":"publish","type":"product","link":"https:\/\/kauppa.aavasaksanrinteet.fi\/sv\/produkt\/perhekortti-hiihtohissi\/","title":{"rendered":"Familjekort \u2013 Skidlift"},"content":{"rendered":"<p style=\"text-align: left;\">S\u00e4songskort f\u00f6r familjer, som g\u00e4ller fr\u00e5n k\u00f6ptillf\u00e4llet till s\u00e4songens slut N\u00e4r biljetterna \u00e4r betalda efter best\u00e4llning f\u00e5r du PDF-biljetterna i din e-post.<\/p>\n<p class=\"has-text-align-center\" style=\"text-align: left;\"><strong>Betala direkt online:<\/strong> N\u00e4r du betalar dina biljetter online f\u00e5r du dina biljetter i PDF-format via e-post direkt efter betalningstransaktionen.<\/p>\n<p class=\"has-text-align-center\" style=\"text-align: left;\"><strong>Betalning p\u00e5 plats:<\/strong> Om du v\u00e4ljer att betala dina biljetter p\u00e5 plats i skidcaf\u00e9et f\u00e5r du dina biljetter i PDF-format via e-post efter betalning. Dessa biljetter inneh\u00e5ller ocks\u00e5 en biljettspecifik QR-kod som skannas vid liftkortskontrollen.<\/p>\n<p style=\"text-align: left;\">Vid behov kan vi \u00e4ven skriva ut biljetter p\u00e5 papper. Skicka f\u00f6rfr\u00e5gan via e-post kafet@aavasaksanrinteet.fi. Inkludera biljettens ordernummer.<\/p>\n<p>Liftbiljetter \u00e4r personliga. \u00c5terf\u00f6rs\u00e4ljning av alla liftkort \u00e4r f\u00f6rbjuden. Felaktig anv\u00e4ndning kommer att resultera i att biljetten omedelbart annulleras.<\/p>\n<p style=\"text-align: left;\">","protected":false},"excerpt":{"rendered":"<p>Skidliftbiljett f\u00f6r familjer max. 5 familjemedlemmar. Ytterligare personer \u20ac42 per person<\/p>","protected":false},"featured_media":742,"template":"","meta":[],"product_brand":[],"product_cat":[28],"product_tag":[18],"class_list":{"0":"post-178","1":"product","2":"type-product","3":"status-publish","4":"has-post-thumbnail","6":"product_cat-perheliput","7":"product_tag-hissilippu","9":"first","10":"instock","11":"downloadable","12":"virtual","13":"taxable","14":"purchasable","15":"product-type-simple"},"_links":{"self":[{"href":"https:\/\/kauppa.aavasaksanrinteet.fi\/sv\/wp-json\/wp\/v2\/product\/178","targetHints":{"allow":["GET"]}}],"collection":[{"href":"https:\/\/kauppa.aavasaksanrinteet.fi\/sv\/wp-json\/wp\/v2\/product"}],"about":[{"href":"https:\/\/kauppa.aavasaksanrinteet.fi\/sv\/wp-json\/wp\/v2\/types\/product"}],"wp:featuredmedia":[{"embeddable":true,"href":"https:\/\/kauppa.aavasaksanrinteet.fi\/sv\/wp-json\/wp\/v2\/media\/742"}],"wp:attachment":[{"href":"https:\/\/kauppa.aavasaksanrinteet.fi\/sv\/wp-json\/wp\/v2\/media?parent=178"}],"wp:term":[{"taxonomy":"product_brand","embeddable":true,"href":"https:\/\/kauppa.aavasaksanrinteet.fi\/sv\/wp-json\/wp\/v2\/product_brand?post=178"},{"taxonomy":"product_cat","embeddable":true,"href":"https:\/\/kauppa.aavasaksanrinteet.fi\/sv\/wp-json\/wp\/v2\/product_cat?post=178"},{"taxonomy":"product_tag","embeddable":true,"href":"https:\/\/kauppa.aavasaksanrinteet.fi\/sv\/wp-json\/wp\/v2\/product_tag?post=178"}],"curies":[{"name":"wp","href":"https:\/\/api.w.org\/{rel}","templated":true}]}}