{"id":158,"date":"2023-11-06T21:19:02","date_gmt":"2023-11-06T19:19:02","guid":{"rendered":"https:\/\/kauppa.aavasaksanrinteet.fi\/?post_type=product&#038;p=158"},"modified":"2025-12-18T16:46:53","modified_gmt":"2025-12-18T16:46:53","slug":"iltalippu-hiihtohissi","status":"publish","type":"product","link":"https:\/\/kauppa.aavasaksanrinteet.fi\/sv\/produkt\/iltalippu-hiihtohissi\/","title":{"rendered":"Kv\u00e4llsbiljett - Skidlift"},"content":{"rendered":"<p style=\"text-align: left;\">En kv\u00e4llsbiljett till liften som g\u00e4ller vald dag fr\u00e5n kl 16:00 tills liftarna st\u00e4nger. Efter att ha betalat f\u00f6r best\u00e4llningen f\u00e5r du PDF-biljetterna i din e-post.<\/p>\n<p class=\"has-text-align-center\" style=\"text-align: left;\"><strong>Betala direkt online:<\/strong> N\u00e4r du betalar dina biljetter online f\u00e5r du dina biljetter i PDF-format via e-post direkt efter betalningstransaktionen.<\/p>\n<p class=\"has-text-align-center\" style=\"text-align: left;\"><strong>Betalning p\u00e5 plats:<\/strong> Om du v\u00e4ljer att betala dina biljetter p\u00e5 plats i skidcaf\u00e9et f\u00e5r du dina biljetter i PDF-format via e-post efter betalning. Dessa biljetter inneh\u00e5ller ocks\u00e5 en biljettspecifik QR-kod som skannas vid liftkortskontrollen.<\/p>\n<p style=\"text-align: left;\">Vid behov kan vi \u00e4ven skriva ut biljetterna i pappersformat. Skicka en f\u00f6rfr\u00e5gan via e-post. <a href=\"mailto:kafet@aavasaksanrinteet.fi\">kafet@aavasaksanrinteet.fi<\/a>. Inkludera biljettens ordernummer.<\/p>\n<p>Liftbiljetter \u00e4r personliga. \u00c5terf\u00f6rs\u00e4ljning av alla liftkort \u00e4r f\u00f6rbjuden. Felaktig anv\u00e4ndning kommer att resultera i att biljetten omedelbart annulleras.<\/p>\n<p style=\"text-align: left;\">","protected":false},"excerpt":{"rendered":"<p>V\u00e4lj dag eller dagar d\u00e5 kv\u00e4llsbiljetten \u00e4r giltig. Kv\u00e4llsbiljetten g\u00e4ller fr\u00e5n 16:00 tills liftarna st\u00e4nger. <strong>Kontrollera \u00f6ppettiderna f\u00f6r dagen innan du k\u00f6per en biljett.<\/strong><\/p>","protected":false},"featured_media":199,"template":"","meta":[],"product_brand":[],"product_cat":[23],"product_tag":[18],"class_list":{"0":"post-158","1":"product","2":"type-product","3":"status-publish","4":"has-post-thumbnail","6":"product_cat-iltaliput","7":"product_tag-hissilippu","9":"first","10":"instock","11":"downloadable","12":"virtual","13":"taxable","14":"purchasable","15":"product-type-simple"},"_links":{"self":[{"href":"https:\/\/kauppa.aavasaksanrinteet.fi\/sv\/wp-json\/wp\/v2\/product\/158","targetHints":{"allow":["GET"]}}],"collection":[{"href":"https:\/\/kauppa.aavasaksanrinteet.fi\/sv\/wp-json\/wp\/v2\/product"}],"about":[{"href":"https:\/\/kauppa.aavasaksanrinteet.fi\/sv\/wp-json\/wp\/v2\/types\/product"}],"wp:featuredmedia":[{"embeddable":true,"href":"https:\/\/kauppa.aavasaksanrinteet.fi\/sv\/wp-json\/wp\/v2\/media\/199"}],"wp:attachment":[{"href":"https:\/\/kauppa.aavasaksanrinteet.fi\/sv\/wp-json\/wp\/v2\/media?parent=158"}],"wp:term":[{"taxonomy":"product_brand","embeddable":true,"href":"https:\/\/kauppa.aavasaksanrinteet.fi\/sv\/wp-json\/wp\/v2\/product_brand?post=158"},{"taxonomy":"product_cat","embeddable":true,"href":"https:\/\/kauppa.aavasaksanrinteet.fi\/sv\/wp-json\/wp\/v2\/product_cat?post=158"},{"taxonomy":"product_tag","embeddable":true,"href":"https:\/\/kauppa.aavasaksanrinteet.fi\/sv\/wp-json\/wp\/v2\/product_tag?post=158"}],"curies":[{"name":"wp","href":"https:\/\/api.w.org\/{rel}","templated":true}]}}