{"id":3,"date":"2023-10-25T15:41:21","date_gmt":"2023-10-25T12:41:21","guid":{"rendered":"http:\/\/hissilippu1.fi\/?page_id=3"},"modified":"2024-12-13T02:16:59","modified_gmt":"2024-12-13T00:16:59","slug":"tietosuojaseloste","status":"publish","type":"page","link":"https:\/\/kauppa.aavasaksanrinteet.fi\/sv\/tietosuojaseloste\/","title":{"rendered":"Sekretesspolicy"},"content":{"rendered":"<p><strong>1. Registrator<\/strong><\/p>\n\n\n\n<p>K\u00e1fet Aavasaksan Rinteet, Auroria Oy, Vaaranlaita 143, 95620 AAVASAKSA, Finland<br>E-post: <a href=\"mailto:kafet@aavasaksanrinteet.fi\">kafet@aavasaksanrinteet.fi<\/a><\/p>\n\n\n\n<p><strong>2. Uppgifter om registranter<\/strong><\/p>\n\n\n\n<p>Vi samlar in grundl\u00e4ggande information om v\u00e5ra kunder, s\u00e5som namn, e-postadress och betalningsinformation. Betalningsinformation behandlas genom betaltj\u00e4nsten Stripe, och vi lagrar ingen kreditkortsinformation i v\u00e5ra egna system.<\/p>\n\n\n\n<p><strong>3. Syfte med anv\u00e4ndning av personuppgifter<\/strong><\/p>\n\n\n\n<p>Personuppgifter anv\u00e4nds f\u00f6r orderhantering, biljettleverans, biljettidentifiering, kundservice och eventuella marknadsf\u00f6rings\u00e4ndam\u00e5l, om kunden har gett sitt samtycke.<\/p>\n\n\n\n<p><strong>4. Datalagring och skydd<\/strong><\/p>\n\n\n\n<p>Informationen lagras s\u00e5 l\u00e4nge det \u00e4r n\u00f6dv\u00e4ndigt f\u00f6r att uppfylla ovan n\u00e4mnda syften. Informationen \u00e4r ordentligt skyddad och endast beh\u00f6rig personal har tillg\u00e5ng till den.<\/p>\n\n\n\n<p><strong>5. Utl\u00e4mnande av information till tredje part<\/strong><\/p>\n\n\n\n<p>Vi l\u00e4mnar inte \u00f6ver personuppgifter till externa parter, f\u00f6rutom i fall som grundar sig p\u00e5 lag.<\/p>\n\n\n\n<p><strong>6. Den registrerades r\u00e4ttigheter<\/strong><\/p>\n\n\n\n<p>Den registrerade har r\u00e4tt att kontrollera vilka uppgifter som har lagrats om honom, att beg\u00e4ra r\u00e4ttelse eller radering av uppgifterna och att inv\u00e4nda mot behandlingen av uppgifterna.<\/p>\n\n\n\n<p><strong>7. Kontakter<\/strong><\/p>\n\n\n\n<p>All kommunikation relaterad till dataskydd ska skickas via e-post till <a href=\"mailto:kafet@aavasaksanrinteet.fi\">kafet@aavasaksanrinteet.fi<\/a>.<\/p>","protected":false},"excerpt":{"rendered":"<p>1. Rekisterinpit\u00e4j\u00e4 K\u00e1fet Aavasaksan Rinteet, Auroria Oy, Vaaranlaita 143, 95620 AAVASAKSA, FinlandS\u00e4hk\u00f6posti: kafet@aavasaksanrinteet.fi 2. Rekister\u00f6ityjen tiedot Ker\u00e4\u00e4mme asiakkaidemme perustiedot, kuten nimen, s\u00e4hk\u00f6postiosoitteen ja maksutiedot. Maksutietojen k\u00e4sittely tapahtuu Stripe-maksupalvelun kautta, emmek\u00e4 tallenna luottokorttitietoja omiin j\u00e4rjestelmiimme. 3. Henkil\u00f6tietojen k\u00e4ytt\u00f6tarkoitus Henkil\u00f6tietoja k\u00e4ytet\u00e4\u00e4n tilausten k\u00e4sittelyyn, lippujen toimitukseen, lippujen yksil\u00f6imiseen, asiakaspalveluun ja mahdollisiin markkinointitarkoituksiin, mik\u00e4li asiakas on antanut siihen suostumuksensa. [&hellip;]<\/p>\n","protected":false},"author":1,"featured_media":0,"parent":0,"menu_order":0,"comment_status":"closed","ping_status":"open","template":"","meta":{"footnotes":""},"class_list":["post-3","page","type-page","status-publish","hentry"],"_links":{"self":[{"href":"https:\/\/kauppa.aavasaksanrinteet.fi\/sv\/wp-json\/wp\/v2\/pages\/3","targetHints":{"allow":["GET"]}}],"collection":[{"href":"https:\/\/kauppa.aavasaksanrinteet.fi\/sv\/wp-json\/wp\/v2\/pages"}],"about":[{"href":"https:\/\/kauppa.aavasaksanrinteet.fi\/sv\/wp-json\/wp\/v2\/types\/page"}],"author":[{"embeddable":true,"href":"https:\/\/kauppa.aavasaksanrinteet.fi\/sv\/wp-json\/wp\/v2\/users\/1"}],"replies":[{"embeddable":true,"href":"https:\/\/kauppa.aavasaksanrinteet.fi\/sv\/wp-json\/wp\/v2\/comments?post=3"}],"version-history":[{"count":6,"href":"https:\/\/kauppa.aavasaksanrinteet.fi\/sv\/wp-json\/wp\/v2\/pages\/3\/revisions"}],"predecessor-version":[{"id":1727,"href":"https:\/\/kauppa.aavasaksanrinteet.fi\/sv\/wp-json\/wp\/v2\/pages\/3\/revisions\/1727"}],"wp:attachment":[{"href":"https:\/\/kauppa.aavasaksanrinteet.fi\/sv\/wp-json\/wp\/v2\/media?parent=3"}],"curies":[{"name":"wp","href":"https:\/\/api.w.org\/{rel}","templated":true}]}}