{"id":254,"date":"2023-11-30T16:04:07","date_gmt":"2023-11-30T14:04:07","guid":{"rendered":"https:\/\/kauppa.aavasaksanrinteet.fi\/?page_id=254"},"modified":"2025-11-14T15:31:53","modified_gmt":"2025-11-14T15:31:53","slug":"maksutavat","status":"publish","type":"page","link":"https:\/\/kauppa.aavasaksanrinteet.fi\/sv\/maksutavat\/","title":{"rendered":"Betalningsmetoder"},"content":{"rendered":"<p class=\"has-text-align-center\"><strong>Hos oss kan du betala flexibelt och s\u00e4kert. <\/strong>Vi accepterar kredit- och betalkort samt Klarna, Apple Pay, Google Pay och MobilePay i webbutiken, vilka hanteras via betalningstj\u00e4nsten Stripe. Vi erbjuder \u00e4ven m\u00f6jligheten att betala f\u00f6r biljetter p\u00e5 plats i skidcaf\u00e9et med kontanter (EUR och SEK), kredit- och betalkort, MobilePay, Apple Pay, SmartumPay, Smartum-voucher eller ePassi sportf\u00f6rm\u00e5n.<\/p>\n\n\n\n<p class=\"has-text-align-center\"><strong>Betalning i webbutiken:<\/strong> N\u00e4r du betalar dina biljetter i webbutiken f\u00e5r du dina biljetter i PDF-format via e-post direkt efter betalningstransaktionen. Varje biljett har en biljettspecifik QR-kod, som \u00e4r nyckeln till att anv\u00e4nda skidliftarna. QR-koden l\u00e4ses av vid kontroll av liftkorten f\u00f6r att s\u00e4kerst\u00e4lla biljettens giltighet. <\/p>\n\n\n\n<p class=\"has-text-align-center\"><strong>Betalning p\u00e5 plats:<\/strong> Om du v\u00e4ljer att betala dina biljetter p\u00e5 plats f\u00e5r du dem i PDF-format via e-post efter att betalningen \u00e4r gjord. Biljetten inneh\u00e5ller en biljettspecifik QR-kod som l\u00e4ses av vid kontroll av liftkorten. P\u00e5 plats i backcaf\u00e9et kan du betala med kontanter (EUR och SEK), kredit- och betalkort, SmartumPay, Smartum-voucher eller ePassi sportf\u00f6rm\u00e5n.<\/p>\n\n\n\n<p class=\"has-text-align-center\">Biljetterna \u00e4r personliga och kan inte \u00f6verl\u00e5tas till en annan person.<\/p>\n\n\n\n<p><\/p>","protected":false},"excerpt":{"rendered":"<p>Meill\u00e4 voit maksaa joustavasti ja turvallisesti. Hyv\u00e4ksymme verkkokaupassa Credit ja Debit -kortit sek\u00e4 Klarnan, Apple Pay:n, Google Pay:n ja MobilePay:n, jotka k\u00e4sitell\u00e4\u00e4n Stripe-maksupalvelun kautta. Lis\u00e4ksi tarjoamme mahdollisuuden maksaa liput paikan p\u00e4\u00e4ll\u00e4 rinnekahviossa k\u00e4teisell\u00e4 (EUR ja SEK), Credit ja Debit -korteilla, MobilePay, Apple Pay, SmartumPay, Smartum-setelill\u00e4 tai epassi liikuntaedulla. Maksu verkkokaupassa: Kun maksat liput verkkokaupassa, saat [&hellip;]<\/p>\n","protected":false},"author":1,"featured_media":0,"parent":0,"menu_order":0,"comment_status":"closed","ping_status":"closed","template":"","meta":{"footnotes":""},"class_list":["post-254","page","type-page","status-publish","hentry"],"_links":{"self":[{"href":"https:\/\/kauppa.aavasaksanrinteet.fi\/sv\/wp-json\/wp\/v2\/pages\/254","targetHints":{"allow":["GET"]}}],"collection":[{"href":"https:\/\/kauppa.aavasaksanrinteet.fi\/sv\/wp-json\/wp\/v2\/pages"}],"about":[{"href":"https:\/\/kauppa.aavasaksanrinteet.fi\/sv\/wp-json\/wp\/v2\/types\/page"}],"author":[{"embeddable":true,"href":"https:\/\/kauppa.aavasaksanrinteet.fi\/sv\/wp-json\/wp\/v2\/users\/1"}],"replies":[{"embeddable":true,"href":"https:\/\/kauppa.aavasaksanrinteet.fi\/sv\/wp-json\/wp\/v2\/comments?post=254"}],"version-history":[{"count":8,"href":"https:\/\/kauppa.aavasaksanrinteet.fi\/sv\/wp-json\/wp\/v2\/pages\/254\/revisions"}],"predecessor-version":[{"id":2648,"href":"https:\/\/kauppa.aavasaksanrinteet.fi\/sv\/wp-json\/wp\/v2\/pages\/254\/revisions\/2648"}],"wp:attachment":[{"href":"https:\/\/kauppa.aavasaksanrinteet.fi\/sv\/wp-json\/wp\/v2\/media?parent=254"}],"curies":[{"name":"wp","href":"https:\/\/api.w.org\/{rel}","templated":true}]}}