{"id":249,"date":"2023-11-30T15:57:01","date_gmt":"2023-11-30T13:57:01","guid":{"rendered":"https:\/\/kauppa.aavasaksanrinteet.fi\/?page_id=249"},"modified":"2024-12-13T02:11:03","modified_gmt":"2024-12-13T00:11:03","slug":"yhteystiedot","status":"publish","type":"page","link":"https:\/\/kauppa.aavasaksanrinteet.fi\/sv\/yhteystiedot\/","title":{"rendered":"Kontaktinformation"},"content":{"rendered":"<p class=\"has-text-align-center\"><strong>K\u00e1fet Aavasaksan Rinteet<\/strong><\/p>\n\n\n\n<p class=\"has-text-align-center\">&nbsp;K\u00e1fet Aavasaksan Rinteet, Auroria Oy fungerar som biljettombud f\u00f6r Aavasaksan backar.<\/p>\n\n\n\n<p class=\"has-text-align-center\">Vaaranlaita 143, 95620 AAVASAKSA, Finland<br><a href=\"mailto:kafet@aavasaksanrinteet.fi\">kafet@aavasaksanrinteet.fi<\/a><br><a href=\"tel:+358408271917\">+358 40 8271 917<\/a><\/p>\n\n\n\n<p class=\"has-text-align-center\">Se detaljerad information och \u00f6ppettider p\u00e5: <a href=\"https:\/\/www.aavasaksanrinteet.fi\/\" data-type=\"link\" data-id=\"https:\/\/www.aavasaksanrinteet.fi\/\">www.aavasaksanrinteet.fi<\/a><\/p>\n\n\n\n<p class=\"has-text-align-center\"><strong>V\u00e4lkommen till Aavasaksas backar!<\/strong><\/p>\n\n\n\n<figure class=\"wp-block-image aligncenter size-full\"><img loading=\"lazy\" decoding=\"async\" width=\"635\" height=\"708\" src=\"https:\/\/kauppa.aavasaksanrinteet.fi\/wp-content\/uploads\/2023\/12\/aavasaksarinteetkafe.webp\" alt=\"\" class=\"wp-image-316\" srcset=\"https:\/\/kauppa.aavasaksanrinteet.fi\/wp-content\/uploads\/2023\/12\/aavasaksarinteetkafe.webp 635w, https:\/\/kauppa.aavasaksanrinteet.fi\/wp-content\/uploads\/2023\/12\/aavasaksarinteetkafe-269x300.webp 269w, https:\/\/kauppa.aavasaksanrinteet.fi\/wp-content\/uploads\/2023\/12\/aavasaksarinteetkafe-600x669.webp 600w\" sizes=\"auto, (max-width: 635px) 100vw, 635px\" \/><\/figure>\n\n\n\n<p><\/p>","protected":false},"excerpt":{"rendered":"<p>K\u00e1fet Aavasaksan Rinteet \u00e4r biljettombud f\u00f6r Aavasaksan backar. K\u00e1fet Aavasaksan Rinteet, Auroria Oy. Vaaranlaita 143, 95620 AAVASAKSA, Finlandkafet@aavasaksanrinteet.fi+358 40 8271 917 F\u00f6r mer information och \u00f6ppettider, bes\u00f6k: www.aavasaksanrinteet.fi V\u00e4lkommen till Aavasaksan-backarna!<\/p>","protected":false},"author":1,"featured_media":0,"parent":0,"menu_order":0,"comment_status":"closed","ping_status":"closed","template":"","meta":{"footnotes":""},"class_list":["post-249","page","type-page","status-publish","hentry"],"_links":{"self":[{"href":"https:\/\/kauppa.aavasaksanrinteet.fi\/sv\/wp-json\/wp\/v2\/pages\/249","targetHints":{"allow":["GET"]}}],"collection":[{"href":"https:\/\/kauppa.aavasaksanrinteet.fi\/sv\/wp-json\/wp\/v2\/pages"}],"about":[{"href":"https:\/\/kauppa.aavasaksanrinteet.fi\/sv\/wp-json\/wp\/v2\/types\/page"}],"author":[{"embeddable":true,"href":"https:\/\/kauppa.aavasaksanrinteet.fi\/sv\/wp-json\/wp\/v2\/users\/1"}],"replies":[{"embeddable":true,"href":"https:\/\/kauppa.aavasaksanrinteet.fi\/sv\/wp-json\/wp\/v2\/comments?post=249"}],"version-history":[{"count":11,"href":"https:\/\/kauppa.aavasaksanrinteet.fi\/sv\/wp-json\/wp\/v2\/pages\/249\/revisions"}],"predecessor-version":[{"id":1723,"href":"https:\/\/kauppa.aavasaksanrinteet.fi\/sv\/wp-json\/wp\/v2\/pages\/249\/revisions\/1723"}],"wp:attachment":[{"href":"https:\/\/kauppa.aavasaksanrinteet.fi\/sv\/wp-json\/wp\/v2\/media?parent=249"}],"curies":[{"name":"wp","href":"https:\/\/api.w.org\/{rel}","templated":true}]}}