{"id":11,"date":"2023-12-14T01:26:00","date_gmt":"2023-12-13T23:26:00","guid":{"rendered":"http:\/\/hissilippu1.fi\/?page_id=11"},"modified":"2025-11-14T15:34:59","modified_gmt":"2025-11-14T15:34:59","slug":"refund_returns","status":"publish","type":"page","link":"https:\/\/kauppa.aavasaksanrinteet.fi\/sv\/refund_returns\/","title":{"rendered":"Villkor f\u00f6r anv\u00e4ndning och retur"},"content":{"rendered":"<p>N\u00e4r du k\u00f6per liftkort eller s\u00e4songskort samtycker du till att f\u00f6lja f\u00f6ljande villkor:<\/p>\n\n\n\n<ol class=\"wp-block-list\">\n<li><strong>Anv\u00e4ndning av liftkort och s\u00e4songskort<\/strong>: Alla liftkort och s\u00e4songskort \u00e4r personliga. Endast den som k\u00f6pt biljetten eller kortet har r\u00e4tt att anv\u00e4nda dem, med undantag f\u00f6r biljetter som \u00e4r gjorda f\u00f6r Ylitornios kommuns eget\/bibliotekets bruk. \u00c5terf\u00f6rs\u00e4ljning av alla liftkort \u00e4r f\u00f6rbjuden.<br>Felaktig anv\u00e4ndning kommer att resultera i att biljetten omedelbart annulleras.<\/li>\n\n\n\n<li><strong>Avbest\u00e4llnings- och returvillkor<\/strong>: Vi f\u00f6ljer avtalsvillkoren f\u00f6r skidcentertj\u00e4nster som \u00f6verenskommits av Finlands Skidcenterf\u00f6rbund och konsumentrepresentanten, som finns <a href=\"https:\/\/www.ski.fi\/info\/sopimusehdot\/hiihtokeskuspalveluiden-sopimusehdot\/\">h\u00e4rifr\u00e5n<\/a>. Dessutom till\u00e4mpar Aavasaksa skidcenter f\u00f6ljande avbokningsvillkor:\n<ul class=\"wp-block-list\">\n<li>En k\u00f6pt biljett kan inte bytas, \u00e4ndras eller avbokas, f\u00f6rutom vid force majeure eller sjukdom med l\u00e4karintyg.<\/li>\n\n\n\n<li>Vid avbokning och \u00e4ndring debiterar vi en expeditionsavgift p\u00e5 15 \u20ac per evenemang.<\/li>\n<\/ul>\n<\/li>\n\n\n\n<li><strong>Force majeure<\/strong>: Naturfenomen som h\u00e5rd frost (-20C), stormar eller andra liknande h\u00e4ndelser som f\u00f6rhindrar normal drift av skidanl\u00e4ggningen anses vara force majeure-situationer. S\u00e4songskortsinnehavare kommer inte att f\u00e5 ers\u00e4ttning f\u00f6r avst\u00e4ngningar av skidliftar p\u00e5 grund av v\u00e4derf\u00f6rh\u00e5llanden.<\/li>\n\n\n\n<li><strong>\u00d6vriga villkor<\/strong>: \u00d6vriga villkor f\u00f6r skidcentret, s\u00e5som s\u00e4kerhetsf\u00f6reskrifter och instruktioner, finns att se p\u00e5 skidcentrets kontor och p\u00e5 hemsidan.<\/li>\n<\/ol>\n\n\n\n<p>Vi f\u00f6rbeh\u00e5ller oss r\u00e4tten att \u00e4ndra dessa villkor. Kunder b\u00f6r bekanta sig med g\u00e4llande villkor p\u00e5 skidanl\u00e4ggningens hemsida eller genom att h\u00f6ra av sig till skidanl\u00e4ggningens kontor.<\/p>\n\n\n\n<p><\/p>","protected":false},"excerpt":{"rendered":"<p>N\u00e4r du k\u00f6per liftkort eller s\u00e4songskort godk\u00e4nner du f\u00f6ljande villkor: Vi f\u00f6rbeh\u00e5ller oss r\u00e4tten att \u00e4ndra dessa villkor. Kunder b\u00f6r granska de aktuella villkoren p\u00e5 skidanl\u00e4ggningens webbplats eller genom att kontakta skidanl\u00e4ggningens kansli.<\/p>","protected":false},"author":1,"featured_media":0,"parent":0,"menu_order":0,"comment_status":"closed","ping_status":"closed","template":"","meta":{"footnotes":""},"class_list":["post-11","page","type-page","status-publish","hentry"],"_links":{"self":[{"href":"https:\/\/kauppa.aavasaksanrinteet.fi\/sv\/wp-json\/wp\/v2\/pages\/11","targetHints":{"allow":["GET"]}}],"collection":[{"href":"https:\/\/kauppa.aavasaksanrinteet.fi\/sv\/wp-json\/wp\/v2\/pages"}],"about":[{"href":"https:\/\/kauppa.aavasaksanrinteet.fi\/sv\/wp-json\/wp\/v2\/types\/page"}],"author":[{"embeddable":true,"href":"https:\/\/kauppa.aavasaksanrinteet.fi\/sv\/wp-json\/wp\/v2\/users\/1"}],"replies":[{"embeddable":true,"href":"https:\/\/kauppa.aavasaksanrinteet.fi\/sv\/wp-json\/wp\/v2\/comments?post=11"}],"version-history":[{"count":4,"href":"https:\/\/kauppa.aavasaksanrinteet.fi\/sv\/wp-json\/wp\/v2\/pages\/11\/revisions"}],"predecessor-version":[{"id":2650,"href":"https:\/\/kauppa.aavasaksanrinteet.fi\/sv\/wp-json\/wp\/v2\/pages\/11\/revisions\/2650"}],"wp:attachment":[{"href":"https:\/\/kauppa.aavasaksanrinteet.fi\/sv\/wp-json\/wp\/v2\/media?parent=11"}],"curies":[{"name":"wp","href":"https:\/\/api.w.org\/{rel}","templated":true}]}}