{"id":178,"date":"2023-11-17T16:32:20","date_gmt":"2023-11-17T14:32:20","guid":{"rendered":"https:\/\/kauppa.aavasaksanrinteet.fi\/?post_type=product&#038;p=178"},"modified":"2025-11-14T16:42:28","modified_gmt":"2025-11-14T16:42:28","slug":"perhekortti-hiihtohissi","status":"publish","type":"product","link":"https:\/\/kauppa.aavasaksanrinteet.fi\/fr\/produit\/perhekortti-hiihtohissi\/","title":{"rendered":"Carte famille \u2013 Remont\u00e9es m\u00e9caniques"},"content":{"rendered":"<p style=\"text-align: left;\">Abonnement pour familles, valable d\u00e8s l&#039;achat jusqu&#039;\u00e0 la fin de la saison. Une fois le paiement des billets effectu\u00e9 apr\u00e8s la commande, vous recevrez les billets PDF dans votre e-mail.<\/p>\n<p class=\"has-text-align-center\" style=\"text-align: left;\"><strong>Payez imm\u00e9diatement en ligne\u00a0:<\/strong> Lorsque vous payez vos billets en ligne, vous les recevrez imm\u00e9diatement par e-mail au format PDF apr\u00e8s la transaction.<\/p>\n<p class=\"has-text-align-center\" style=\"text-align: left;\"><strong>Paiement sur place :<\/strong> Si vous choisissez de payer vos forfaits sur place au caf\u00e9 des pistes, vous les recevrez par courriel au format PDF apr\u00e8s le paiement. Ces forfaits contiennent \u00e9galement un code QR unique qui sera scann\u00e9 lors du contr\u00f4le des remont\u00e9es m\u00e9caniques.<\/p>\n<p style=\"text-align: left;\">Si n\u00e9cessaire, nous pouvons \u00e9galement imprimer les billets sur papier. Envoyez la demande par e-mail kafet@aavasaksanrinteet.fi. Incluez le num\u00e9ro de commande du billet.<\/p>\n<p>Les billets de remont\u00e9es m\u00e9caniques sont personnels. La revente de tous les billets de remont\u00e9es m\u00e9caniques est interdite. Toute utilisation inappropri\u00e9e entra\u00eenera l&#039;annulation imm\u00e9diate du billet.<\/p>\n<p style=\"text-align: left;\">","protected":false},"excerpt":{"rendered":"<p>Billet de remont\u00e9es m\u00e9caniques pour les familles max. 5 membres de la famille. Personnes suppl\u00e9mentaires 42 \u20ac par personne<\/p>","protected":false},"featured_media":742,"template":"","meta":[],"product_brand":[],"product_cat":[28],"product_tag":[18],"class_list":{"0":"post-178","1":"product","2":"type-product","3":"status-publish","4":"has-post-thumbnail","6":"product_cat-perheliput","7":"product_tag-hissilippu","9":"first","10":"instock","11":"downloadable","12":"virtual","13":"taxable","14":"purchasable","15":"product-type-simple"},"_links":{"self":[{"href":"https:\/\/kauppa.aavasaksanrinteet.fi\/fr\/wp-json\/wp\/v2\/product\/178","targetHints":{"allow":["GET"]}}],"collection":[{"href":"https:\/\/kauppa.aavasaksanrinteet.fi\/fr\/wp-json\/wp\/v2\/product"}],"about":[{"href":"https:\/\/kauppa.aavasaksanrinteet.fi\/fr\/wp-json\/wp\/v2\/types\/product"}],"wp:featuredmedia":[{"embeddable":true,"href":"https:\/\/kauppa.aavasaksanrinteet.fi\/fr\/wp-json\/wp\/v2\/media\/742"}],"wp:attachment":[{"href":"https:\/\/kauppa.aavasaksanrinteet.fi\/fr\/wp-json\/wp\/v2\/media?parent=178"}],"wp:term":[{"taxonomy":"product_brand","embeddable":true,"href":"https:\/\/kauppa.aavasaksanrinteet.fi\/fr\/wp-json\/wp\/v2\/product_brand?post=178"},{"taxonomy":"product_cat","embeddable":true,"href":"https:\/\/kauppa.aavasaksanrinteet.fi\/fr\/wp-json\/wp\/v2\/product_cat?post=178"},{"taxonomy":"product_tag","embeddable":true,"href":"https:\/\/kauppa.aavasaksanrinteet.fi\/fr\/wp-json\/wp\/v2\/product_tag?post=178"}],"curies":[{"name":"wp","href":"https:\/\/api.w.org\/{rel}","templated":true}]}}