{"id":158,"date":"2023-11-06T21:19:02","date_gmt":"2023-11-06T19:19:02","guid":{"rendered":"https:\/\/kauppa.aavasaksanrinteet.fi\/?post_type=product&#038;p=158"},"modified":"2025-12-18T16:46:53","modified_gmt":"2025-12-18T16:46:53","slug":"iltalippu-hiihtohissi","status":"publish","type":"product","link":"https:\/\/kauppa.aavasaksanrinteet.fi\/fr\/produit\/iltalippu-hiihtohissi\/","title":{"rendered":"Billet soir\u00e9e - Remont\u00e9es m\u00e9caniques"},"content":{"rendered":"<p style=\"text-align: left;\">Un billet soir\u00e9e pour les remont\u00e9es m\u00e9caniques, valable le jour s\u00e9lectionn\u00e9 \u00e0 partir de 16h00 jusqu&#039;\u00e0 la fermeture des remont\u00e9es m\u00e9caniques. Apr\u00e8s avoir pay\u00e9 la commande, vous recevrez les billets PDF dans votre email.<\/p>\n<p class=\"has-text-align-center\" style=\"text-align: left;\"><strong>Payez imm\u00e9diatement en ligne\u00a0:<\/strong> Lorsque vous payez vos billets en ligne, vous les recevrez imm\u00e9diatement par e-mail au format PDF apr\u00e8s la transaction.<\/p>\n<p class=\"has-text-align-center\" style=\"text-align: left;\"><strong>Paiement sur place :<\/strong> Si vous choisissez de payer vos forfaits sur place au caf\u00e9 des pistes, vous les recevrez par courriel au format PDF apr\u00e8s le paiement. Ces forfaits contiennent \u00e9galement un code QR unique qui sera scann\u00e9 lors du contr\u00f4le des remont\u00e9es m\u00e9caniques.<\/p>\n<p style=\"text-align: left;\">Si n\u00e9cessaire, nous pouvons \u00e9galement imprimer les billets sur papier. Veuillez envoyer votre demande par courriel. <a href=\"mailto:kafet@aavasaksanrinteet.fi\">kafet@aavasaksanrinteet.fi<\/a>. Veuillez inclure le num\u00e9ro de commande des billets.<\/p>\n<p>Les billets de remont\u00e9es m\u00e9caniques sont personnels. La revente de tous les billets de remont\u00e9es m\u00e9caniques est interdite. Toute utilisation inappropri\u00e9e entra\u00eenera l&#039;annulation imm\u00e9diate du billet.<\/p>\n<p style=\"text-align: left;\">","protected":false},"excerpt":{"rendered":"<p>Choisissez le ou les jours o\u00f9 le billet soir\u00e9e est valable. Le billet soir\u00e9e est valable de 16h00 jusqu&#039;\u00e0 la fermeture des remont\u00e9es m\u00e9caniques. <strong>Tarkista p\u00e4iv\u00e4n aukioloajat ennen lipun ostamista.<\/strong><\/p>","protected":false},"featured_media":199,"template":"","meta":[],"product_brand":[],"product_cat":[23],"product_tag":[18],"class_list":{"0":"post-158","1":"product","2":"type-product","3":"status-publish","4":"has-post-thumbnail","6":"product_cat-iltaliput","7":"product_tag-hissilippu","9":"first","10":"instock","11":"downloadable","12":"virtual","13":"taxable","14":"purchasable","15":"product-type-simple"},"_links":{"self":[{"href":"https:\/\/kauppa.aavasaksanrinteet.fi\/fr\/wp-json\/wp\/v2\/product\/158","targetHints":{"allow":["GET"]}}],"collection":[{"href":"https:\/\/kauppa.aavasaksanrinteet.fi\/fr\/wp-json\/wp\/v2\/product"}],"about":[{"href":"https:\/\/kauppa.aavasaksanrinteet.fi\/fr\/wp-json\/wp\/v2\/types\/product"}],"wp:featuredmedia":[{"embeddable":true,"href":"https:\/\/kauppa.aavasaksanrinteet.fi\/fr\/wp-json\/wp\/v2\/media\/199"}],"wp:attachment":[{"href":"https:\/\/kauppa.aavasaksanrinteet.fi\/fr\/wp-json\/wp\/v2\/media?parent=158"}],"wp:term":[{"taxonomy":"product_brand","embeddable":true,"href":"https:\/\/kauppa.aavasaksanrinteet.fi\/fr\/wp-json\/wp\/v2\/product_brand?post=158"},{"taxonomy":"product_cat","embeddable":true,"href":"https:\/\/kauppa.aavasaksanrinteet.fi\/fr\/wp-json\/wp\/v2\/product_cat?post=158"},{"taxonomy":"product_tag","embeddable":true,"href":"https:\/\/kauppa.aavasaksanrinteet.fi\/fr\/wp-json\/wp\/v2\/product_tag?post=158"}],"curies":[{"name":"wp","href":"https:\/\/api.w.org\/{rel}","templated":true}]}}