{"id":3,"date":"2023-10-25T15:41:21","date_gmt":"2023-10-25T12:41:21","guid":{"rendered":"http:\/\/hissilippu1.fi\/?page_id=3"},"modified":"2024-12-13T02:16:59","modified_gmt":"2024-12-13T00:16:59","slug":"tietosuojaseloste","status":"publish","type":"page","link":"https:\/\/kauppa.aavasaksanrinteet.fi\/fr\/tietosuojaseloste\/","title":{"rendered":"D\u00e9claration de confidentialit\u00e9"},"content":{"rendered":"<p><strong>1. Registraire<\/strong><\/p>\n\n\n\n<p>K\u00e1fet Aavasaksan Rinteet, Auroria Oy, Vaaranlaita 143, 95620 AAVASAKSA, Finlande<br>E-mail: <a href=\"mailto:kafet@aavasaksanrinteet.fi\">kafet@aavasaksanrinteet.fi<\/a><\/p>\n\n\n\n<p><strong>2. Donn\u00e9es des inscrits<\/strong><\/p>\n\n\n\n<p>Nous collectons des informations de base sur nos clients, telles que leur nom, leur adresse e-mail et leurs informations de paiement. Les informations de paiement sont trait\u00e9es via le service de paiement Stripe et nous ne stockons pas les informations de carte de cr\u00e9dit dans nos propres syst\u00e8mes.<\/p>\n\n\n\n<p><strong>3. Finalit\u00e9 de l&#039;utilisation des donn\u00e9es personnelles<\/strong><\/p>\n\n\n\n<p>Les donn\u00e9es personnelles sont utilis\u00e9es pour le traitement des commandes, la livraison des billets, l&#039;identification des billets, le service client et \u00e9ventuellement \u00e0 des fins de marketing, si le client a donn\u00e9 son consentement.<\/p>\n\n\n\n<p><strong>4. Stockage et protection des donn\u00e9es<\/strong><\/p>\n\n\n\n<p>Les informations sont conserv\u00e9es aussi longtemps que n\u00e9cessaire pour atteindre les finalit\u00e9s mentionn\u00e9es ci-dessus. Les informations sont correctement prot\u00e9g\u00e9es et seul le personnel autoris\u00e9 y a acc\u00e8s.<\/p>\n\n\n\n<p><strong>5. Divulgation d&#039;informations \u00e0 des tiers<\/strong><\/p>\n\n\n\n<p>Nous ne transmettons pas de donn\u00e9es personnelles \u00e0 des tiers, sauf dans les cas pr\u00e9vus par la loi.<\/p>\n\n\n\n<p><strong>6. Droits de la personne concern\u00e9e<\/strong><\/p>\n\n\n\n<p>La personne enregistr\u00e9e a le droit de v\u00e9rifier quelles informations ont \u00e9t\u00e9 stock\u00e9es \u00e0 son sujet, de demander la rectification ou la suppression des informations et de s&#039;opposer au traitement des informations.<\/p>\n\n\n\n<p><strong>7. Contacts<\/strong><\/p>\n\n\n\n<p>Toutes les communications li\u00e9es \u00e0 la protection des donn\u00e9es doivent \u00eatre envoy\u00e9es par e-mail \u00e0 <a href=\"mailto:kafet@aavasaksanrinteet.fi\">kafet@aavasaksanrinteet.fi<\/a>.<\/p>","protected":false},"excerpt":{"rendered":"<p>1. Rekisterinpit\u00e4j\u00e4 K\u00e1fet Aavasaksan Rinteet, Auroria Oy, Vaaranlaita 143, 95620 AAVASAKSA, FinlandS\u00e4hk\u00f6posti: kafet@aavasaksanrinteet.fi 2. Rekister\u00f6ityjen tiedot Ker\u00e4\u00e4mme asiakkaidemme perustiedot, kuten nimen, s\u00e4hk\u00f6postiosoitteen ja maksutiedot. Maksutietojen k\u00e4sittely tapahtuu Stripe-maksupalvelun kautta, emmek\u00e4 tallenna luottokorttitietoja omiin j\u00e4rjestelmiimme. 3. Henkil\u00f6tietojen k\u00e4ytt\u00f6tarkoitus Henkil\u00f6tietoja k\u00e4ytet\u00e4\u00e4n tilausten k\u00e4sittelyyn, lippujen toimitukseen, lippujen yksil\u00f6imiseen, asiakaspalveluun ja mahdollisiin markkinointitarkoituksiin, mik\u00e4li asiakas on antanut siihen suostumuksensa. [&hellip;]<\/p>\n","protected":false},"author":1,"featured_media":0,"parent":0,"menu_order":0,"comment_status":"closed","ping_status":"open","template":"","meta":{"footnotes":""},"class_list":["post-3","page","type-page","status-publish","hentry"],"_links":{"self":[{"href":"https:\/\/kauppa.aavasaksanrinteet.fi\/fr\/wp-json\/wp\/v2\/pages\/3","targetHints":{"allow":["GET"]}}],"collection":[{"href":"https:\/\/kauppa.aavasaksanrinteet.fi\/fr\/wp-json\/wp\/v2\/pages"}],"about":[{"href":"https:\/\/kauppa.aavasaksanrinteet.fi\/fr\/wp-json\/wp\/v2\/types\/page"}],"author":[{"embeddable":true,"href":"https:\/\/kauppa.aavasaksanrinteet.fi\/fr\/wp-json\/wp\/v2\/users\/1"}],"replies":[{"embeddable":true,"href":"https:\/\/kauppa.aavasaksanrinteet.fi\/fr\/wp-json\/wp\/v2\/comments?post=3"}],"version-history":[{"count":6,"href":"https:\/\/kauppa.aavasaksanrinteet.fi\/fr\/wp-json\/wp\/v2\/pages\/3\/revisions"}],"predecessor-version":[{"id":1727,"href":"https:\/\/kauppa.aavasaksanrinteet.fi\/fr\/wp-json\/wp\/v2\/pages\/3\/revisions\/1727"}],"wp:attachment":[{"href":"https:\/\/kauppa.aavasaksanrinteet.fi\/fr\/wp-json\/wp\/v2\/media?parent=3"}],"curies":[{"name":"wp","href":"https:\/\/api.w.org\/{rel}","templated":true}]}}