{"id":254,"date":"2023-11-30T16:04:07","date_gmt":"2023-11-30T14:04:07","guid":{"rendered":"https:\/\/kauppa.aavasaksanrinteet.fi\/?page_id=254"},"modified":"2025-11-14T15:31:53","modified_gmt":"2025-11-14T15:31:53","slug":"maksutavat","status":"publish","type":"page","link":"https:\/\/kauppa.aavasaksanrinteet.fi\/fr\/maksutavat\/","title":{"rendered":"Modes de paiement"},"content":{"rendered":"<p class=\"has-text-align-center\"><strong>Avec nous, vous pouvez payer de mani\u00e8re flexible et s\u00e9curis\u00e9e. <\/strong>Sur notre boutique en ligne, nous acceptons les cartes de cr\u00e9dit et de d\u00e9bit ainsi que Klarna, Apple Pay, Google Pay et MobilePay. Les paiements sont trait\u00e9s par Stripe. Vous pouvez \u00e9galement r\u00e9gler vos forfaits sur place, au caf\u00e9 des pistes, en esp\u00e8ces (EUR et SEK), par carte bancaire, MobilePay, Apple Pay, SmartumPay, bon Smartum ou carte ePassi.<\/p>\n\n\n\n<p class=\"has-text-align-center\"><strong>Paiement dans la boutique en ligne\u00a0:<\/strong> Lorsque vous achetez vos forfaits sur la boutique en ligne, vous les recevez imm\u00e9diatement par e-mail au format PDF. Chaque forfait comporte un code QR unique, indispensable pour utiliser les remont\u00e9es m\u00e9caniques. Ce code QR est scann\u00e9 lors du contr\u00f4le des forfaits afin de garantir leur validit\u00e9. <\/p>\n\n\n\n<p class=\"has-text-align-center\"><strong>Paiement sur place :<\/strong> Si vous choisissez de r\u00e9gler vos forfaits sur place, vous les recevrez par e-mail au format PDF apr\u00e8s validation de votre paiement. Chaque forfait comporte un code QR unique, \u00e0 scanner lors du contr\u00f4le des remont\u00e9es m\u00e9caniques. Au caf\u00e9 des pistes, vous pouvez r\u00e9gler en esp\u00e8ces (EUR et SEK), par carte bancaire (cr\u00e9dit ou d\u00e9bit), SmartumPay, bon Smartum ou avantage ePassi.<\/p>\n\n\n\n<p class=\"has-text-align-center\">Les billets sont nominatifs et ne peuvent \u00eatre c\u00e9d\u00e9s \u00e0 une autre personne.<\/p>\n\n\n\n<p><\/p>","protected":false},"excerpt":{"rendered":"<p>Meill\u00e4 voit maksaa joustavasti ja turvallisesti. Hyv\u00e4ksymme verkkokaupassa Credit ja Debit -kortit sek\u00e4 Klarnan, Apple Pay:n, Google Pay:n ja MobilePay:n, jotka k\u00e4sitell\u00e4\u00e4n Stripe-maksupalvelun kautta. Lis\u00e4ksi tarjoamme mahdollisuuden maksaa liput paikan p\u00e4\u00e4ll\u00e4 rinnekahviossa k\u00e4teisell\u00e4 (EUR ja SEK), Credit ja Debit -korteilla, MobilePay, Apple Pay, SmartumPay, Smartum-setelill\u00e4 tai epassi liikuntaedulla. Maksu verkkokaupassa: Kun maksat liput verkkokaupassa, saat [&hellip;]<\/p>\n","protected":false},"author":1,"featured_media":0,"parent":0,"menu_order":0,"comment_status":"closed","ping_status":"closed","template":"","meta":{"footnotes":""},"class_list":["post-254","page","type-page","status-publish","hentry"],"_links":{"self":[{"href":"https:\/\/kauppa.aavasaksanrinteet.fi\/fr\/wp-json\/wp\/v2\/pages\/254","targetHints":{"allow":["GET"]}}],"collection":[{"href":"https:\/\/kauppa.aavasaksanrinteet.fi\/fr\/wp-json\/wp\/v2\/pages"}],"about":[{"href":"https:\/\/kauppa.aavasaksanrinteet.fi\/fr\/wp-json\/wp\/v2\/types\/page"}],"author":[{"embeddable":true,"href":"https:\/\/kauppa.aavasaksanrinteet.fi\/fr\/wp-json\/wp\/v2\/users\/1"}],"replies":[{"embeddable":true,"href":"https:\/\/kauppa.aavasaksanrinteet.fi\/fr\/wp-json\/wp\/v2\/comments?post=254"}],"version-history":[{"count":8,"href":"https:\/\/kauppa.aavasaksanrinteet.fi\/fr\/wp-json\/wp\/v2\/pages\/254\/revisions"}],"predecessor-version":[{"id":2648,"href":"https:\/\/kauppa.aavasaksanrinteet.fi\/fr\/wp-json\/wp\/v2\/pages\/254\/revisions\/2648"}],"wp:attachment":[{"href":"https:\/\/kauppa.aavasaksanrinteet.fi\/fr\/wp-json\/wp\/v2\/media?parent=254"}],"curies":[{"name":"wp","href":"https:\/\/api.w.org\/{rel}","templated":true}]}}