{"id":3,"date":"2023-10-25T15:41:21","date_gmt":"2023-10-25T12:41:21","guid":{"rendered":"http:\/\/hissilippu1.fi\/?page_id=3"},"modified":"2024-12-13T02:16:59","modified_gmt":"2024-12-13T00:16:59","slug":"tietosuojaseloste","status":"publish","type":"page","link":"https:\/\/kauppa.aavasaksanrinteet.fi\/en\/tietosuojaseloste\/","title":{"rendered":"Privacy statement"},"content":{"rendered":"<p><strong>1. Registrar<\/strong><\/p>\n\n\n\n<p>Caf\u00e9 Aavasaksan Rinteet, Auroria Oy, Vaaranlaita 143, 95620 AAVASAKSA, Finland<br>E-mail: <a href=\"mailto:kafet@aavasaksanrinteet.fi\">kafet@aavasaksanrinteet.fi<\/a><\/p>\n\n\n\n<p><strong>2. Data of registrants<\/strong><\/p>\n\n\n\n<p>We collect basic information about our customers, such as name, email address and payment information. Payment information is processed through the Stripe payment service, and we do not store credit card information in our own systems.<\/p>\n\n\n\n<p><strong>3. Purpose of use of personal data<\/strong><\/p>\n\n\n\n<p>Personal data is used for order processing, ticket delivery, ticket personalization, customer service and possible marketing purposes, if the customer has given their consent.<\/p>\n\n\n\n<p><strong>4. Data storage and protection<\/strong><\/p>\n\n\n\n<p>Information is stored as long as necessary to fulfill the purposes mentioned above. The information is properly protected and only authorized personnel have access to it.<\/p>\n\n\n\n<p><strong>5. Disclosure of information to third parties<\/strong><\/p>\n\n\n\n<p>We do not hand over personal data to external parties, except in cases based on law.<\/p>\n\n\n\n<p><strong>6. Rights of the data subject<\/strong><\/p>\n\n\n\n<p>The registered person has the right to check what information has been stored about him, to request correction or deletion of the information and to object to the processing of the information.<\/p>\n\n\n\n<p><strong>7. Contacts<\/strong><\/p>\n\n\n\n<p>All communications related to data protection should be sent by e-mail to <a href=\"mailto:kafet@aavasaksanrinteet.fi\">kafet@aavasaksanrinteet.fi<\/a>.<\/p>","protected":false},"excerpt":{"rendered":"<p>1. Rekisterinpit\u00e4j\u00e4 K\u00e1fet Aavasaksan Rinteet, Auroria Oy, Vaaranlaita 143, 95620 AAVASAKSA, FinlandS\u00e4hk\u00f6posti: kafet@aavasaksanrinteet.fi 2. Rekister\u00f6ityjen tiedot Ker\u00e4\u00e4mme asiakkaidemme perustiedot, kuten nimen, s\u00e4hk\u00f6postiosoitteen ja maksutiedot. Maksutietojen k\u00e4sittely tapahtuu Stripe-maksupalvelun kautta, emmek\u00e4 tallenna luottokorttitietoja omiin j\u00e4rjestelmiimme. 3. Henkil\u00f6tietojen k\u00e4ytt\u00f6tarkoitus Henkil\u00f6tietoja k\u00e4ytet\u00e4\u00e4n tilausten k\u00e4sittelyyn, lippujen toimitukseen, lippujen yksil\u00f6imiseen, asiakaspalveluun ja mahdollisiin markkinointitarkoituksiin, mik\u00e4li asiakas on antanut siihen suostumuksensa. [&hellip;]<\/p>\n","protected":false},"author":1,"featured_media":0,"parent":0,"menu_order":0,"comment_status":"closed","ping_status":"open","template":"","meta":{"footnotes":""},"class_list":["post-3","page","type-page","status-publish","hentry"],"_links":{"self":[{"href":"https:\/\/kauppa.aavasaksanrinteet.fi\/en\/wp-json\/wp\/v2\/pages\/3","targetHints":{"allow":["GET"]}}],"collection":[{"href":"https:\/\/kauppa.aavasaksanrinteet.fi\/en\/wp-json\/wp\/v2\/pages"}],"about":[{"href":"https:\/\/kauppa.aavasaksanrinteet.fi\/en\/wp-json\/wp\/v2\/types\/page"}],"author":[{"embeddable":true,"href":"https:\/\/kauppa.aavasaksanrinteet.fi\/en\/wp-json\/wp\/v2\/users\/1"}],"replies":[{"embeddable":true,"href":"https:\/\/kauppa.aavasaksanrinteet.fi\/en\/wp-json\/wp\/v2\/comments?post=3"}],"version-history":[{"count":6,"href":"https:\/\/kauppa.aavasaksanrinteet.fi\/en\/wp-json\/wp\/v2\/pages\/3\/revisions"}],"predecessor-version":[{"id":1727,"href":"https:\/\/kauppa.aavasaksanrinteet.fi\/en\/wp-json\/wp\/v2\/pages\/3\/revisions\/1727"}],"wp:attachment":[{"href":"https:\/\/kauppa.aavasaksanrinteet.fi\/en\/wp-json\/wp\/v2\/media?parent=3"}],"curies":[{"name":"wp","href":"https:\/\/api.w.org\/{rel}","templated":true}]}}