{"id":254,"date":"2023-11-30T16:04:07","date_gmt":"2023-11-30T14:04:07","guid":{"rendered":"https:\/\/kauppa.aavasaksanrinteet.fi\/?page_id=254"},"modified":"2025-11-14T15:31:53","modified_gmt":"2025-11-14T15:31:53","slug":"maksutavat","status":"publish","type":"page","link":"https:\/\/kauppa.aavasaksanrinteet.fi\/en\/maksutavat\/","title":{"rendered":"Payment methods"},"content":{"rendered":"<p class=\"has-text-align-center\"><strong>With us you can pay flexibly and securely. <\/strong>We accept Credit and Debit cards as well as Klarna, Apple Pay, Google Pay and MobilePay in the online store, which are processed through the Stripe payment service. We also offer the option to pay for tickets on site at the ski caf\u00e9 with cash (EUR and SEK), Credit and Debit cards, MobilePay, Apple Pay, SmartumPay, Smartum voucher or ePassi sports benefit.<\/p>\n\n\n\n<p class=\"has-text-align-center\"><strong>Payment in the online store:<\/strong> When you pay for your tickets in the online store, you will receive your tickets in PDF format by email immediately after the payment transaction. Each ticket has a ticket-specific QR code, which is the key to using the ski lifts. The QR code is read when checking the lift tickets to ensure the validity of the ticket. <\/p>\n\n\n\n<p class=\"has-text-align-center\"><strong>Payment on the spot:<\/strong> If you decide to pay for your tickets on site, you will receive your tickets in PDF format by email after payment has been made. The ticket contains a ticket-specific QR code, which is read when checking the lift tickets. On site at the slope caf\u00e9, you can pay with cash (EUR and SEK), Credit and Debit cards, SmartumPay, Smartum voucher or ePassi sports benefit.<\/p>\n\n\n\n<p class=\"has-text-align-center\">Tickets are personal and cannot be transferred to another person.<\/p>\n\n\n\n<p><\/p>","protected":false},"excerpt":{"rendered":"<p>Meill\u00e4 voit maksaa joustavasti ja turvallisesti. Hyv\u00e4ksymme verkkokaupassa Credit ja Debit -kortit sek\u00e4 Klarnan, Apple Pay:n, Google Pay:n ja MobilePay:n, jotka k\u00e4sitell\u00e4\u00e4n Stripe-maksupalvelun kautta. Lis\u00e4ksi tarjoamme mahdollisuuden maksaa liput paikan p\u00e4\u00e4ll\u00e4 rinnekahviossa k\u00e4teisell\u00e4 (EUR ja SEK), Credit ja Debit -korteilla, MobilePay, Apple Pay, SmartumPay, Smartum-setelill\u00e4 tai epassi liikuntaedulla. Maksu verkkokaupassa: Kun maksat liput verkkokaupassa, saat [&hellip;]<\/p>\n","protected":false},"author":1,"featured_media":0,"parent":0,"menu_order":0,"comment_status":"closed","ping_status":"closed","template":"","meta":{"footnotes":""},"class_list":["post-254","page","type-page","status-publish","hentry"],"_links":{"self":[{"href":"https:\/\/kauppa.aavasaksanrinteet.fi\/en\/wp-json\/wp\/v2\/pages\/254","targetHints":{"allow":["GET"]}}],"collection":[{"href":"https:\/\/kauppa.aavasaksanrinteet.fi\/en\/wp-json\/wp\/v2\/pages"}],"about":[{"href":"https:\/\/kauppa.aavasaksanrinteet.fi\/en\/wp-json\/wp\/v2\/types\/page"}],"author":[{"embeddable":true,"href":"https:\/\/kauppa.aavasaksanrinteet.fi\/en\/wp-json\/wp\/v2\/users\/1"}],"replies":[{"embeddable":true,"href":"https:\/\/kauppa.aavasaksanrinteet.fi\/en\/wp-json\/wp\/v2\/comments?post=254"}],"version-history":[{"count":8,"href":"https:\/\/kauppa.aavasaksanrinteet.fi\/en\/wp-json\/wp\/v2\/pages\/254\/revisions"}],"predecessor-version":[{"id":2648,"href":"https:\/\/kauppa.aavasaksanrinteet.fi\/en\/wp-json\/wp\/v2\/pages\/254\/revisions\/2648"}],"wp:attachment":[{"href":"https:\/\/kauppa.aavasaksanrinteet.fi\/en\/wp-json\/wp\/v2\/media?parent=254"}],"curies":[{"name":"wp","href":"https:\/\/api.w.org\/{rel}","templated":true}]}}