{"id":171,"date":"2023-11-17T14:43:02","date_gmt":"2023-11-17T12:43:02","guid":{"rendered":"https:\/\/kauppa.aavasaksanrinteet.fi\/?page_id=171"},"modified":"2026-01-20T12:28:55","modified_gmt":"2026-01-20T12:28:55","slug":"aavasaksa-kauppa-etusivu","status":"publish","type":"page","link":"https:\/\/kauppa.aavasaksanrinteet.fi\/en\/","title":{"rendered":"Ticket shop for the slopes of Aavasaksa"},"content":{"rendered":"\n<p class=\"has-text-align-center\">Hanki p\u00e4iv\u00e4- tai kausiliput suoraan verkkokaupasta ja<strong> ohita jonot<\/strong>. Valitse lippusi ja maksa verkossa tai paikan p\u00e4\u00e4ll\u00e4. <br><strong>Osta nyt ja suuntaa suoraan rinteeseen! <\/strong><\/p>\n\n\n\n<p class=\"has-text-align-center\">Aavasaksan rinteiden lippuv\u00e4litt\u00e4j\u00e4n\u00e4 toimii K\u00e1fet Aavasaksan Rinteet &#8211; Auroria Oy (1763716-3), kafet@aavasaksanrinteet.fi.<\/p>\n\n\n\n<p class=\"has-text-align-center\"><strong>Lippujen hinnat voimassa toistaiseksi:<\/strong><br>Perhekortti 363\u20ac (max 5 hl\u00f6\u00e4), lis\u00e4henkil\u00f6 42\u20ac<br>Kausikortti 156\u20ac<br>Ylitornion (SUOMI) kuntalaisen kausikortti 135\u20ac<br>P\u00e4iv\u00e4lippu 21\u20ac<br>Iltalippu 11\u20ac<br><\/p>\n\n\n\n<p class=\"has-text-align-center\">P\u00e4iv\u00e4lippu voimassa koko p\u00e4iv\u00e4n.<br>Iltalippu voimassa 16 alkaen p\u00e4iv\u00e4n loppuun.<br>Mattohissi ja pulkkam\u00e4ki ovat ilmaisia.<br>Tarkista aukioloajat ennen hissilipun ostamista.<\/p>\n\n\n\n<h2 class=\"wp-block-heading has-text-align-center\">Hissiliput<\/h2>\n\n\n\n<p class=\"has-text-align-center\">Valitse haluamasi lippu tai liput tilaukseen. Voit suorittaa maksun verkkokaupassa credit\/debit -korteilla, Mobilepay:ll\u00e4, Klarna:lla, Apple Pay:ll\u00e4, Google Pay:ll\u00e4 tai paikan p\u00e4\u00e4ll\u00e4 kahvilassa credit\/debit -korteilla, k\u00e4teisell\u00e4 (EUR ja SEK), SmartumPay, Smartum-setelill\u00e4, epassi liikuntaedulla. <br>Mik\u00e4li maksat ostokset verkkokaupassa, <strong>l\u00e4het\u00e4mme liput s\u00e4hk\u00f6postiisi ja voit suunnata suoraan laskettelemaan saavuttuasi rinteille<\/strong>. <br>Paikan p\u00e4\u00e4ll\u00e4 maksettaessa kannattaa lipun tilaus tehd\u00e4 valmiiksi netiss\u00e4, jos vain mahdollista. T\u00e4ll\u00f6in ostotilanteessa ei tarvitse en\u00e4\u00e4 sy\u00f6tt\u00e4\u00e4 nimi ym. tietoja. N\u00e4in ostokset sujuvat joutuisasti ja <strong>v\u00e4ltet\u00e4\u00e4n turhien jonojen syntyminen.<\/strong><\/p>\n\n\n\n<p class=\"has-text-align-center\">Huomioittehan, ett\u00e4 liikuntaedulla (Smartum, epassi) voi maksaa vain liikuntaedun haltijan oman hissilipun tai haltijan oman osuuden perhelipusta, jossa liikuntaedun haltija on mukana. <\/p>\n\n\n<div data-block-name=\"woocommerce\/product-category\" data-categories=\"[21,22,23,28]\" data-orderby=\"price_desc\" class=\"wc-block-grid wp-block-product-category wp-block-woocommerce-product-category wc-block-product-category has-3-columns has-multiple-rows\"><ul class=\"wc-block-grid__products\"><li class=\"wc-block-grid__product\">\n\t\t\t\t<a href=\"https:\/\/kauppa.aavasaksanrinteet.fi\/en\/product\/perhekortti-hiihtohissi\/\" class=\"wc-block-grid__product-link\">\n\t\t\t\t\t\n\t\t\t\t\t<div class=\"wc-block-grid__product-image\"><img loading=\"lazy\" decoding=\"async\" width=\"450\" height=\"450\" src=\"https:\/\/kauppa.aavasaksanrinteet.fi\/wp-content\/uploads\/2023\/11\/perhekortti-1-450x450.jpg\" class=\"attachment-woocommerce_thumbnail size-woocommerce_thumbnail\" alt=\"perhekortti\" srcset=\"https:\/\/kauppa.aavasaksanrinteet.fi\/wp-content\/uploads\/2023\/11\/perhekortti-1-450x450.jpg 450w, https:\/\/kauppa.aavasaksanrinteet.fi\/wp-content\/uploads\/2023\/11\/perhekortti-1-300x300.jpg 300w, https:\/\/kauppa.aavasaksanrinteet.fi\/wp-content\/uploads\/2023\/11\/perhekortti-1-150x150.jpg 150w, https:\/\/kauppa.aavasaksanrinteet.fi\/wp-content\/uploads\/2023\/11\/perhekortti-1-768x768.jpg 768w, https:\/\/kauppa.aavasaksanrinteet.fi\/wp-content\/uploads\/2023\/11\/perhekortti-1-12x12.jpg 12w, https:\/\/kauppa.aavasaksanrinteet.fi\/wp-content\/uploads\/2023\/11\/perhekortti-1-600x600.jpg 600w, https:\/\/kauppa.aavasaksanrinteet.fi\/wp-content\/uploads\/2023\/11\/perhekortti-1-100x100.jpg 100w, https:\/\/kauppa.aavasaksanrinteet.fi\/wp-content\/uploads\/2023\/11\/perhekortti-1.jpg 1024w\" sizes=\"auto, (max-width: 450px) 100vw, 450px\" \/><\/div>\n\t\t\t\t\t<div class=\"wc-block-grid__product-title\">Perhekortti &#8211; Hiihtohissi<\/div>\n\t\t\t\t<\/a>\n\t\t\t\t<div class=\"wc-block-grid__product-price price\"><span class=\"woocommerce-Price-amount amount\">363,00&nbsp;<span class=\"woocommerce-Price-currencySymbol\">&euro;<\/span><\/span><\/div>\n\t\t\t\t\n\t\t\t\t<div class=\"wp-block-button wc-block-grid__product-add-to-cart\"><a href=\"\/en\/wp-json\/wp\/v2\/pages\/171?add-to-cart=178\" aria-label=\"Add to basket: &ldquo;Perhekortti - Hiihtohissi&rdquo;\" data-quantity=\"1\" data-product_id=\"178\" data-product_sku=\"perhekausilippu-25-26\" data-price=\"363\" rel=\"nofollow\" class=\"wp-block-button__link wp-element-button add_to_cart_button ajax_add_to_cart\">Add to cart<\/a><\/div>\n\t\t\t<\/li><li class=\"wc-block-grid__product\">\n\t\t\t\t<a href=\"https:\/\/kauppa.aavasaksanrinteet.fi\/en\/product\/kausikortti-hiihtohissi\/\" class=\"wc-block-grid__product-link\">\n\t\t\t\t\t\n\t\t\t\t\t<div class=\"wc-block-grid__product-image\"><img loading=\"lazy\" decoding=\"async\" width=\"450\" height=\"450\" src=\"https:\/\/kauppa.aavasaksanrinteet.fi\/wp-content\/uploads\/2023\/10\/kausikortti-450x450.jpg\" class=\"attachment-woocommerce_thumbnail size-woocommerce_thumbnail\" alt=\"kausikortti\" srcset=\"https:\/\/kauppa.aavasaksanrinteet.fi\/wp-content\/uploads\/2023\/10\/kausikortti-450x450.jpg 450w, https:\/\/kauppa.aavasaksanrinteet.fi\/wp-content\/uploads\/2023\/10\/kausikortti-300x300.jpg 300w, https:\/\/kauppa.aavasaksanrinteet.fi\/wp-content\/uploads\/2023\/10\/kausikortti-150x150.jpg 150w, https:\/\/kauppa.aavasaksanrinteet.fi\/wp-content\/uploads\/2023\/10\/kausikortti-768x768.jpg 768w, https:\/\/kauppa.aavasaksanrinteet.fi\/wp-content\/uploads\/2023\/10\/kausikortti-600x600.jpg 600w, https:\/\/kauppa.aavasaksanrinteet.fi\/wp-content\/uploads\/2023\/10\/kausikortti-100x100.jpg 100w, https:\/\/kauppa.aavasaksanrinteet.fi\/wp-content\/uploads\/2023\/10\/kausikortti.jpg 1024w\" sizes=\"auto, (max-width: 450px) 100vw, 450px\" \/><\/div>\n\t\t\t\t\t<div class=\"wc-block-grid__product-title\">Kausikortti &#8211; Hiihtohissi<\/div>\n\t\t\t\t<\/a>\n\t\t\t\t<div class=\"wc-block-grid__product-price price\"><span class=\"woocommerce-Price-amount amount\">156,00&nbsp;<span class=\"woocommerce-Price-currencySymbol\">&euro;<\/span><\/span><\/div>\n\t\t\t\t\n\t\t\t\t<div class=\"wp-block-button wc-block-grid__product-add-to-cart\"><a href=\"\/en\/wp-json\/wp\/v2\/pages\/171?add-to-cart=14\" aria-label=\"Add to basket: &ldquo;Kausikortti - Hiihtohissi&rdquo;\" data-quantity=\"1\" data-product_id=\"14\" data-product_sku=\"kausilippu-25-26\" data-price=\"156\" rel=\"nofollow\" class=\"wp-block-button__link wp-element-button add_to_cart_button ajax_add_to_cart\">Add to cart<\/a><\/div>\n\t\t\t<\/li><li class=\"wc-block-grid__product\">\n\t\t\t\t<a href=\"https:\/\/kauppa.aavasaksanrinteet.fi\/en\/product\/paivalippu-hiihtohissi\/\" class=\"wc-block-grid__product-link\">\n\t\t\t\t\t\n\t\t\t\t\t<div class=\"wc-block-grid__product-image\"><img loading=\"lazy\" decoding=\"async\" width=\"450\" height=\"450\" src=\"https:\/\/kauppa.aavasaksanrinteet.fi\/wp-content\/uploads\/2023\/10\/paivalippua-450x450.jpg\" class=\"attachment-woocommerce_thumbnail size-woocommerce_thumbnail\" alt=\"paivalippu\" srcset=\"https:\/\/kauppa.aavasaksanrinteet.fi\/wp-content\/uploads\/2023\/10\/paivalippua-450x450.jpg 450w, https:\/\/kauppa.aavasaksanrinteet.fi\/wp-content\/uploads\/2023\/10\/paivalippua-300x300.jpg 300w, https:\/\/kauppa.aavasaksanrinteet.fi\/wp-content\/uploads\/2023\/10\/paivalippua-150x150.jpg 150w, https:\/\/kauppa.aavasaksanrinteet.fi\/wp-content\/uploads\/2023\/10\/paivalippua-768x768.jpg 768w, https:\/\/kauppa.aavasaksanrinteet.fi\/wp-content\/uploads\/2023\/10\/paivalippua-600x600.jpg 600w, https:\/\/kauppa.aavasaksanrinteet.fi\/wp-content\/uploads\/2023\/10\/paivalippua-100x100.jpg 100w, https:\/\/kauppa.aavasaksanrinteet.fi\/wp-content\/uploads\/2023\/10\/paivalippua.jpg 1024w\" sizes=\"auto, (max-width: 450px) 100vw, 450px\" \/><\/div>\n\t\t\t\t\t<div class=\"wc-block-grid__product-title\">P\u00e4iv\u00e4lippu- Hiihtohissi<\/div>\n\t\t\t\t<\/a>\n\t\t\t\t<div class=\"wc-block-grid__product-price price\"><span class=\"woocommerce-Price-amount amount\">21,00&nbsp;<span class=\"woocommerce-Price-currencySymbol\">&euro;<\/span><\/span><\/div>\n\t\t\t\t\n\t\t\t\t<div class=\"wp-block-button wc-block-grid__product-add-to-cart\"><a href=\"\/en\/wp-json\/wp\/v2\/pages\/171?add-to-cart=35\" aria-label=\"Add to basket: &ldquo;P\u00e4iv\u00e4lippu- Hiihtohissi&rdquo;\" data-quantity=\"1\" data-product_id=\"35\" data-product_sku=\"paivalippu-25-26\" data-price=\"21\" rel=\"nofollow\" class=\"wp-block-button__link wp-element-button add_to_cart_button ajax_add_to_cart\">Add to cart<\/a><\/div>\n\t\t\t<\/li><li class=\"wc-block-grid__product\">\n\t\t\t\t<a href=\"https:\/\/kauppa.aavasaksanrinteet.fi\/en\/product\/iltalippu-hiihtohissi\/\" class=\"wc-block-grid__product-link\">\n\t\t\t\t\t\n\t\t\t\t\t<div class=\"wc-block-grid__product-image\"><img loading=\"lazy\" decoding=\"async\" width=\"450\" height=\"450\" src=\"https:\/\/kauppa.aavasaksanrinteet.fi\/wp-content\/uploads\/2023\/11\/iltalippu-1-450x450.jpg\" class=\"attachment-woocommerce_thumbnail size-woocommerce_thumbnail\" alt=\"iltalippu\" srcset=\"https:\/\/kauppa.aavasaksanrinteet.fi\/wp-content\/uploads\/2023\/11\/iltalippu-1-450x450.jpg 450w, https:\/\/kauppa.aavasaksanrinteet.fi\/wp-content\/uploads\/2023\/11\/iltalippu-1-300x300.jpg 300w, https:\/\/kauppa.aavasaksanrinteet.fi\/wp-content\/uploads\/2023\/11\/iltalippu-1-150x150.jpg 150w, https:\/\/kauppa.aavasaksanrinteet.fi\/wp-content\/uploads\/2023\/11\/iltalippu-1-768x768.jpg 768w, https:\/\/kauppa.aavasaksanrinteet.fi\/wp-content\/uploads\/2023\/11\/iltalippu-1-600x600.jpg 600w, https:\/\/kauppa.aavasaksanrinteet.fi\/wp-content\/uploads\/2023\/11\/iltalippu-1-100x100.jpg 100w, https:\/\/kauppa.aavasaksanrinteet.fi\/wp-content\/uploads\/2023\/11\/iltalippu-1.jpg 1024w\" sizes=\"auto, (max-width: 450px) 100vw, 450px\" \/><\/div>\n\t\t\t\t\t<div class=\"wc-block-grid__product-title\">Iltalippu- Hiihtohissi<\/div>\n\t\t\t\t<\/a>\n\t\t\t\t<div class=\"wc-block-grid__product-price price\"><span class=\"woocommerce-Price-amount amount\">11,00&nbsp;<span class=\"woocommerce-Price-currencySymbol\">&euro;<\/span><\/span><\/div>\n\t\t\t\t\n\t\t\t\t<div class=\"wp-block-button wc-block-grid__product-add-to-cart\"><a href=\"\/en\/wp-json\/wp\/v2\/pages\/171?add-to-cart=158\" aria-label=\"Add to basket: &ldquo;Iltalippu- Hiihtohissi&rdquo;\" data-quantity=\"1\" data-product_id=\"158\" data-product_sku=\"iltalippu-25-26\" data-price=\"11\" rel=\"nofollow\" class=\"wp-block-button__link wp-element-button add_to_cart_button ajax_add_to_cart\">Add to cart<\/a><\/div>\n\t\t\t<\/li><\/ul><\/div>","protected":false},"excerpt":{"rendered":"<p>Hanki p\u00e4iv\u00e4- tai kausiliput suoraan verkkokaupasta ja ohita jonot. Valitse lippusi ja maksa verkossa tai paikan p\u00e4\u00e4ll\u00e4. Osta nyt ja suuntaa suoraan rinteeseen! Aavasaksan rinteiden lippuv\u00e4litt\u00e4j\u00e4n\u00e4 toimii K\u00e1fet Aavasaksan Rinteet &#8211; Auroria Oy (1763716-3), kafet@aavasaksanrinteet.fi. Lippujen hinnat voimassa toistaiseksi:Perhekortti 363\u20ac (max 5 hl\u00f6\u00e4), lis\u00e4henkil\u00f6 42\u20acKausikortti 156\u20acYlitornion (SUOMI) kuntalaisen kausikortti 135\u20acP\u00e4iv\u00e4lippu 21\u20acIltalippu 11\u20ac P\u00e4iv\u00e4lippu voimassa koko [&hellip;]<\/p>\n","protected":false},"author":1,"featured_media":0,"parent":0,"menu_order":0,"comment_status":"closed","ping_status":"closed","template":"","meta":{"footnotes":""},"class_list":["post-171","page","type-page","status-publish","hentry"],"_links":{"self":[{"href":"https:\/\/kauppa.aavasaksanrinteet.fi\/en\/wp-json\/wp\/v2\/pages\/171","targetHints":{"allow":["GET"]}}],"collection":[{"href":"https:\/\/kauppa.aavasaksanrinteet.fi\/en\/wp-json\/wp\/v2\/pages"}],"about":[{"href":"https:\/\/kauppa.aavasaksanrinteet.fi\/en\/wp-json\/wp\/v2\/types\/page"}],"author":[{"embeddable":true,"href":"https:\/\/kauppa.aavasaksanrinteet.fi\/en\/wp-json\/wp\/v2\/users\/1"}],"replies":[{"embeddable":true,"href":"https:\/\/kauppa.aavasaksanrinteet.fi\/en\/wp-json\/wp\/v2\/comments?post=171"}],"version-history":[{"count":40,"href":"https:\/\/kauppa.aavasaksanrinteet.fi\/en\/wp-json\/wp\/v2\/pages\/171\/revisions"}],"predecessor-version":[{"id":3020,"href":"https:\/\/kauppa.aavasaksanrinteet.fi\/en\/wp-json\/wp\/v2\/pages\/171\/revisions\/3020"}],"wp:attachment":[{"href":"https:\/\/kauppa.aavasaksanrinteet.fi\/en\/wp-json\/wp\/v2\/media?parent=171"}],"curies":[{"name":"wp","href":"https:\/\/api.w.org\/{rel}","templated":true}]}}