{"id":35,"date":"2023-10-30T13:34:42","date_gmt":"2023-10-30T11:34:42","guid":{"rendered":"https:\/\/kauppa.aavasaksanrinteet.fi\/?post_type=product&#038;p=35"},"modified":"2025-12-18T16:45:38","modified_gmt":"2025-12-18T16:45:38","slug":"paivalippu-hiihtohissi","status":"publish","type":"product","link":"https:\/\/kauppa.aavasaksanrinteet.fi\/de\/produkt\/paivalippu-hiihtohissi\/","title":{"rendered":"Tageskarte - Skilift"},"content":{"rendered":"<p style=\"text-align: left;\">Ein Skiliftticket, das an ausgew\u00e4hlten Tagen w\u00e4hrend der Lift\u00f6ffnungszeiten g\u00fcltig ist. Nachdem Sie die Bestellung bezahlt haben, erhalten Sie die PDF-Tickets per E-Mail.<\/p>\n<p class=\"has-text-align-center\" style=\"text-align: left;\"><strong>Bezahlen Sie sofort online:<\/strong> Wenn Sie Ihre Tickets sofort online bezahlen, erhalten Sie Ihre Tickets im PDF-Format unmittelbar nach der Zahlungsabwicklung per E-Mail.<\/p>\n<p class=\"has-text-align-center\" style=\"text-align: left;\"><strong>Zahlung vor Ort:<\/strong> Wenn Sie Ihre Tickets vor Ort im Skicaf\u00e9 bezahlen, erhalten Sie diese nach Zahlungseingang per E-Mail im PDF-Format. Diese Tickets enthalten au\u00dferdem einen ticketspezifischen QR-Code, der bei der Liftkontrolle gescannt wird.<\/p>\n<p style=\"text-align: left;\">Bei Bedarf k\u00f6nnen wir Tickets auch auf Papier ausdrucken. Senden Sie die Anfrage per E-Mail kafet@aavasaksanrinteet.fi. Geben Sie die Bestellnummer des Tickets an.<\/p>\n<p>Lifttickets sind personengebunden. Der Weiterverkauf s\u00e4mtlicher Lifttickets ist untersagt. Eine unsachgem\u00e4\u00dfe Verwendung f\u00fchrt zum sofortigen Entzug des Tickets.<\/p>","protected":false},"excerpt":{"rendered":"<p>Valitse p\u00e4iv\u00e4 tai p\u00e4iv\u00e4t, jolloin lippu on voimassa.<br \/>\nP\u00e4iv\u00e4lippu valittuina p\u00e4ivin\u00e4 voimassa koko hissien aukioloajan.<br \/>\n<strong>Tarkista p\u00e4iv\u00e4n aukioloajat ennen lipun ostamista.<\/strong><\/p>","protected":false},"featured_media":200,"template":"","meta":[],"product_brand":[],"product_cat":[22],"product_tag":[18],"class_list":{"0":"post-35","1":"product","2":"type-product","3":"status-publish","4":"has-post-thumbnail","6":"product_cat-paivaliput","7":"product_tag-hissilippu","9":"first","10":"instock","11":"downloadable","12":"virtual","13":"taxable","14":"purchasable","15":"product-type-simple"},"_links":{"self":[{"href":"https:\/\/kauppa.aavasaksanrinteet.fi\/de\/wp-json\/wp\/v2\/product\/35","targetHints":{"allow":["GET"]}}],"collection":[{"href":"https:\/\/kauppa.aavasaksanrinteet.fi\/de\/wp-json\/wp\/v2\/product"}],"about":[{"href":"https:\/\/kauppa.aavasaksanrinteet.fi\/de\/wp-json\/wp\/v2\/types\/product"}],"wp:featuredmedia":[{"embeddable":true,"href":"https:\/\/kauppa.aavasaksanrinteet.fi\/de\/wp-json\/wp\/v2\/media\/200"}],"wp:attachment":[{"href":"https:\/\/kauppa.aavasaksanrinteet.fi\/de\/wp-json\/wp\/v2\/media?parent=35"}],"wp:term":[{"taxonomy":"product_brand","embeddable":true,"href":"https:\/\/kauppa.aavasaksanrinteet.fi\/de\/wp-json\/wp\/v2\/product_brand?post=35"},{"taxonomy":"product_cat","embeddable":true,"href":"https:\/\/kauppa.aavasaksanrinteet.fi\/de\/wp-json\/wp\/v2\/product_cat?post=35"},{"taxonomy":"product_tag","embeddable":true,"href":"https:\/\/kauppa.aavasaksanrinteet.fi\/de\/wp-json\/wp\/v2\/product_tag?post=35"}],"curies":[{"name":"wp","href":"https:\/\/api.w.org\/{rel}","templated":true}]}}