{"id":178,"date":"2023-11-17T16:32:20","date_gmt":"2023-11-17T14:32:20","guid":{"rendered":"https:\/\/kauppa.aavasaksanrinteet.fi\/?post_type=product&#038;p=178"},"modified":"2025-11-14T16:42:28","modified_gmt":"2025-11-14T16:42:28","slug":"perhekortti-hiihtohissi","status":"publish","type":"product","link":"https:\/\/kauppa.aavasaksanrinteet.fi\/de\/produkt\/perhekortti-hiihtohissi\/","title":{"rendered":"Familienkarte \u2013 Skilift"},"content":{"rendered":"<p style=\"text-align: left;\">Saisonkarte f\u00fcr Familien, g\u00fcltig ab dem Zeitpunkt des Kaufs bis zum Ende der Saison. Sobald die Tickets nach der Bestellung bezahlt wurden, erhalten Sie die PDF-Tickets per E-Mail.<\/p>\n<p class=\"has-text-align-center\" style=\"text-align: left;\"><strong>Bezahlen Sie sofort online:<\/strong> Wenn Sie Ihre Tickets sofort online bezahlen, erhalten Sie Ihre Tickets im PDF-Format unmittelbar nach der Zahlungsabwicklung per E-Mail.<\/p>\n<p class=\"has-text-align-center\" style=\"text-align: left;\"><strong>Zahlung vor Ort:<\/strong> Wenn Sie Ihre Tickets vor Ort im Skicaf\u00e9 bezahlen, erhalten Sie diese nach Zahlungseingang per E-Mail im PDF-Format. Diese Tickets enthalten au\u00dferdem einen ticketspezifischen QR-Code, der bei der Liftkontrolle gescannt wird.<\/p>\n<p style=\"text-align: left;\">Bei Bedarf k\u00f6nnen wir Tickets auch auf Papier ausdrucken. Senden Sie die Anfrage per E-Mail kafet@aavasaksanrinteet.fi. Geben Sie die Bestellnummer des Tickets an.<\/p>\n<p>Lifttickets sind personengebunden. Der Weiterverkauf s\u00e4mtlicher Lifttickets ist untersagt. Eine unsachgem\u00e4\u00dfe Verwendung f\u00fchrt zum sofortigen Entzug des Tickets.<\/p>\n<p style=\"text-align: left;\">","protected":false},"excerpt":{"rendered":"<p>Skiliftkarte f\u00fcr Familien max. 5 Familienmitglieder. Zus\u00e4tzliche Personen 42 \u20ac pro Person<\/p>","protected":false},"featured_media":742,"template":"","meta":[],"product_brand":[],"product_cat":[28],"product_tag":[18],"class_list":{"0":"post-178","1":"product","2":"type-product","3":"status-publish","4":"has-post-thumbnail","6":"product_cat-perheliput","7":"product_tag-hissilippu","9":"first","10":"instock","11":"downloadable","12":"virtual","13":"taxable","14":"product-type-simple"},"_links":{"self":[{"href":"https:\/\/kauppa.aavasaksanrinteet.fi\/de\/wp-json\/wp\/v2\/product\/178","targetHints":{"allow":["GET"]}}],"collection":[{"href":"https:\/\/kauppa.aavasaksanrinteet.fi\/de\/wp-json\/wp\/v2\/product"}],"about":[{"href":"https:\/\/kauppa.aavasaksanrinteet.fi\/de\/wp-json\/wp\/v2\/types\/product"}],"wp:featuredmedia":[{"embeddable":true,"href":"https:\/\/kauppa.aavasaksanrinteet.fi\/de\/wp-json\/wp\/v2\/media\/742"}],"wp:attachment":[{"href":"https:\/\/kauppa.aavasaksanrinteet.fi\/de\/wp-json\/wp\/v2\/media?parent=178"}],"wp:term":[{"taxonomy":"product_brand","embeddable":true,"href":"https:\/\/kauppa.aavasaksanrinteet.fi\/de\/wp-json\/wp\/v2\/product_brand?post=178"},{"taxonomy":"product_cat","embeddable":true,"href":"https:\/\/kauppa.aavasaksanrinteet.fi\/de\/wp-json\/wp\/v2\/product_cat?post=178"},{"taxonomy":"product_tag","embeddable":true,"href":"https:\/\/kauppa.aavasaksanrinteet.fi\/de\/wp-json\/wp\/v2\/product_tag?post=178"}],"curies":[{"name":"wp","href":"https:\/\/api.w.org\/{rel}","templated":true}]}}