{"id":158,"date":"2023-11-06T21:19:02","date_gmt":"2023-11-06T19:19:02","guid":{"rendered":"https:\/\/kauppa.aavasaksanrinteet.fi\/?post_type=product&#038;p=158"},"modified":"2025-12-18T16:46:53","modified_gmt":"2025-12-18T16:46:53","slug":"iltalippu-hiihtohissi","status":"publish","type":"product","link":"https:\/\/kauppa.aavasaksanrinteet.fi\/de\/produkt\/iltalippu-hiihtohissi\/","title":{"rendered":"Abendkarte - Skilift"},"content":{"rendered":"<p style=\"text-align: left;\">Eine Abendkarte f\u00fcr den Lift, die am gew\u00e4hlten Tag von 16:00 Uhr bis zur Liftschlie\u00dfung g\u00fcltig ist. Nachdem Sie die Bestellung bezahlt haben, erhalten Sie die PDF-Tickets per E-Mail.<\/p>\n<p class=\"has-text-align-center\" style=\"text-align: left;\"><strong>Bezahlen Sie sofort online:<\/strong> Wenn Sie Ihre Tickets sofort online bezahlen, erhalten Sie Ihre Tickets im PDF-Format unmittelbar nach der Zahlungsabwicklung per E-Mail.<\/p>\n<p class=\"has-text-align-center\" style=\"text-align: left;\"><strong>Zahlung vor Ort:<\/strong> Wenn Sie Ihre Tickets vor Ort im Skicaf\u00e9 bezahlen, erhalten Sie diese nach Zahlungseingang per E-Mail im PDF-Format. Diese Tickets enthalten au\u00dferdem einen ticketspezifischen QR-Code, der bei der Liftkontrolle gescannt wird.<\/p>\n<p style=\"text-align: left;\">Bei Bedarf k\u00f6nnen wir die Tickets auch in Papierform ausdrucken. Senden Sie uns dazu bitte eine Anfrage per E-Mail. <a href=\"mailto:kafet@aavasaksanrinteet.fi\">kafet@aavasaksanrinteet.fi<\/a>. Bitte geben Sie die Ticketbestellnummer an.<\/p>\n<p>Lifttickets sind personengebunden. Der Weiterverkauf s\u00e4mtlicher Lifttickets ist untersagt. Eine unsachgem\u00e4\u00dfe Verwendung f\u00fchrt zum sofortigen Entzug des Tickets.<\/p>\n<p style=\"text-align: left;\">","protected":false},"excerpt":{"rendered":"<p>W\u00e4hlen Sie den Tag oder die Tage, an denen die Abendkarte g\u00fcltig ist. Die Abendkarte ist von 16:00 Uhr bis zur Schlie\u00dfung der Lifte g\u00fcltig. <strong>Tarkista p\u00e4iv\u00e4n aukioloajat ennen lipun ostamista.<\/strong><\/p>","protected":false},"featured_media":199,"template":"","meta":[],"product_brand":[],"product_cat":[23],"product_tag":[18],"class_list":{"0":"post-158","1":"product","2":"type-product","3":"status-publish","4":"has-post-thumbnail","6":"product_cat-iltaliput","7":"product_tag-hissilippu","9":"first","10":"instock","11":"downloadable","12":"virtual","13":"taxable","14":"purchasable","15":"product-type-simple"},"_links":{"self":[{"href":"https:\/\/kauppa.aavasaksanrinteet.fi\/de\/wp-json\/wp\/v2\/product\/158","targetHints":{"allow":["GET"]}}],"collection":[{"href":"https:\/\/kauppa.aavasaksanrinteet.fi\/de\/wp-json\/wp\/v2\/product"}],"about":[{"href":"https:\/\/kauppa.aavasaksanrinteet.fi\/de\/wp-json\/wp\/v2\/types\/product"}],"wp:featuredmedia":[{"embeddable":true,"href":"https:\/\/kauppa.aavasaksanrinteet.fi\/de\/wp-json\/wp\/v2\/media\/199"}],"wp:attachment":[{"href":"https:\/\/kauppa.aavasaksanrinteet.fi\/de\/wp-json\/wp\/v2\/media?parent=158"}],"wp:term":[{"taxonomy":"product_brand","embeddable":true,"href":"https:\/\/kauppa.aavasaksanrinteet.fi\/de\/wp-json\/wp\/v2\/product_brand?post=158"},{"taxonomy":"product_cat","embeddable":true,"href":"https:\/\/kauppa.aavasaksanrinteet.fi\/de\/wp-json\/wp\/v2\/product_cat?post=158"},{"taxonomy":"product_tag","embeddable":true,"href":"https:\/\/kauppa.aavasaksanrinteet.fi\/de\/wp-json\/wp\/v2\/product_tag?post=158"}],"curies":[{"name":"wp","href":"https:\/\/api.w.org\/{rel}","templated":true}]}}