{"id":14,"date":"2023-10-25T16:01:40","date_gmt":"2023-10-25T13:01:40","guid":{"rendered":"http:\/\/hissilippu1.fi\/?post_type=product&#038;p=14"},"modified":"2025-12-28T17:12:18","modified_gmt":"2025-12-28T17:12:18","slug":"kausikortti-hiihtohissi","status":"publish","type":"product","link":"https:\/\/kauppa.aavasaksanrinteet.fi\/de\/produkt\/kausikortti-hiihtohissi\/","title":{"rendered":"Saisonkarte \u2013 Skilift"},"content":{"rendered":"<p style=\"text-align: left;\">Eine Dauerkarte, die vom Kaufdatum bis zum Ende der Saison g\u00fcltig ist. Sobald das Ticket bezahlt wurde, erhalten Sie die PDF-Tickets per E-Mail.<\/p>\n<p class=\"has-text-align-center\" style=\"text-align: left;\"><strong>Bezahlen Sie sofort online:<\/strong> Wenn Sie Ihre Tickets sofort online bezahlen, erhalten Sie Ihre Tickets im PDF-Format unmittelbar nach der Zahlungsabwicklung per E-Mail.<\/p>\n<p class=\"has-text-align-center\" style=\"text-align: left;\"><strong>Zahlung vor Ort:<\/strong> Wenn Sie Ihre Tickets vor Ort im Skicaf\u00e9 bezahlen, erhalten Sie diese nach Zahlungseingang per E-Mail im PDF-Format. Diese Tickets enthalten au\u00dferdem einen ticketspezifischen QR-Code, der bei der Liftkontrolle gescannt wird.<\/p>\n<p style=\"text-align: left;\">Bei Bedarf k\u00f6nnen wir Tickets auch auf Papier ausdrucken. Senden Sie die Anfrage per E-Mail kafet@aavasaksanrinteet.fi. Geben Sie die Bestellnummer des Tickets an.<\/p>\n<p>Lifttickets sind personengebunden. Der Weiterverkauf s\u00e4mtlicher Lifttickets ist untersagt. Eine unsachgem\u00e4\u00dfe Verwendung f\u00fchrt zum sofortigen Entzug des Tickets.<\/p>\n<p style=\"text-align: left;\">","protected":false},"excerpt":{"rendered":"<p>Saisonkarte \u2013 Skifahren und die gesamte Saison ohne Einschr\u00e4nkungen genie\u00dfen. F\u00fcr Einwohner der Gemeinde Ylitornio (FINNLAND) zum Sonderpreis von 135 \u20ac. Bitte denken Sie daran, bei der Abholung der Karte Ihren Wohnsitz nachzuweisen.<\/p>","protected":false},"featured_media":201,"template":"","meta":[],"product_brand":[],"product_cat":[21],"product_tag":[18],"class_list":{"0":"post-14","1":"product","2":"type-product","3":"status-publish","4":"has-post-thumbnail","6":"product_cat-kausiliput","7":"product_tag-hissilippu","9":"first","10":"instock","11":"downloadable","12":"virtual","13":"taxable","14":"purchasable","15":"product-type-simple"},"_links":{"self":[{"href":"https:\/\/kauppa.aavasaksanrinteet.fi\/de\/wp-json\/wp\/v2\/product\/14","targetHints":{"allow":["GET"]}}],"collection":[{"href":"https:\/\/kauppa.aavasaksanrinteet.fi\/de\/wp-json\/wp\/v2\/product"}],"about":[{"href":"https:\/\/kauppa.aavasaksanrinteet.fi\/de\/wp-json\/wp\/v2\/types\/product"}],"wp:featuredmedia":[{"embeddable":true,"href":"https:\/\/kauppa.aavasaksanrinteet.fi\/de\/wp-json\/wp\/v2\/media\/201"}],"wp:attachment":[{"href":"https:\/\/kauppa.aavasaksanrinteet.fi\/de\/wp-json\/wp\/v2\/media?parent=14"}],"wp:term":[{"taxonomy":"product_brand","embeddable":true,"href":"https:\/\/kauppa.aavasaksanrinteet.fi\/de\/wp-json\/wp\/v2\/product_brand?post=14"},{"taxonomy":"product_cat","embeddable":true,"href":"https:\/\/kauppa.aavasaksanrinteet.fi\/de\/wp-json\/wp\/v2\/product_cat?post=14"},{"taxonomy":"product_tag","embeddable":true,"href":"https:\/\/kauppa.aavasaksanrinteet.fi\/de\/wp-json\/wp\/v2\/product_tag?post=14"}],"curies":[{"name":"wp","href":"https:\/\/api.w.org\/{rel}","templated":true}]}}