{"id":3,"date":"2023-10-25T15:41:21","date_gmt":"2023-10-25T12:41:21","guid":{"rendered":"http:\/\/hissilippu1.fi\/?page_id=3"},"modified":"2024-12-13T02:16:59","modified_gmt":"2024-12-13T00:16:59","slug":"tietosuojaseloste","status":"publish","type":"page","link":"https:\/\/kauppa.aavasaksanrinteet.fi\/de\/tietosuojaseloste\/","title":{"rendered":"Datenschutzerkl\u00e4rung"},"content":{"rendered":"<p><strong>1. Registrar<\/strong><\/p>\n\n\n\n<p>K\u00e1fet Aavasaksan Rinteet, Auroria Oy, Vaaranlaita 143, 95620 AAVASAKSA, Finnland<br>E-Mail: <a href=\"mailto:kafet@aavasaksanrinteet.fi\">kafet@aavasaksanrinteet.fi<\/a><\/p>\n\n\n\n<p><strong>2. Daten der Registranten<\/strong><\/p>\n\n\n\n<p>Wir erfassen grundlegende Informationen \u00fcber unsere Kunden, wie z. B. Name, E-Mail-Adresse und Zahlungsinformationen. Zahlungsinformationen werden \u00fcber den Stripe-Zahlungsdienst verarbeitet und wir speichern keine Kreditkarteninformationen in unseren eigenen Systemen.<\/p>\n\n\n\n<p><strong>3. Zweck der Verwendung personenbezogener Daten<\/strong><\/p>\n\n\n\n<p>Die Nutzung personenbezogener Daten erfolgt zur Bestellabwicklung, Ticketzustellung, Ticketidentifikation, Kundenservice und eventuellen Marketingzwecken, sofern der Kunde hierzu seine Einwilligung erteilt hat.<\/p>\n\n\n\n<p><strong>4. Datenspeicherung und -schutz<\/strong><\/p>\n\n\n\n<p>Die Daten werden so lange gespeichert, wie es zur Erf\u00fcllung der oben genannten Zwecke erforderlich ist. Die Informationen sind ordnungsgem\u00e4\u00df gesch\u00fctzt und nur autorisiertes Personal hat Zugriff darauf.<\/p>\n\n\n\n<p><strong>5. Weitergabe von Informationen an Dritte<\/strong><\/p>\n\n\n\n<p>Wir geben personenbezogene Daten nicht an Dritte weiter, au\u00dfer in F\u00e4llen, die sich aus gesetzlichen Gr\u00fcnden ergeben.<\/p>\n\n\n\n<p><strong>6. Rechte der betroffenen Person<\/strong><\/p>\n\n\n\n<p>Die registrierte Person hat das Recht zu pr\u00fcfen, welche Daten \u00fcber sie gespeichert sind, die Berichtigung oder L\u00f6schung der Daten zu verlangen und der Verarbeitung der Daten zu widersprechen.<\/p>\n\n\n\n<p><strong>7. Kontakte<\/strong><\/p>\n\n\n\n<p>Alle datenschutzrelevanten Mitteilungen sind per E-Mail an zu richten <a href=\"mailto:kafet@aavasaksanrinteet.fi\">kafet@aavasaksanrinteet.fi<\/a>.<\/p>","protected":false},"excerpt":{"rendered":"<p>1. Rekisterinpit\u00e4j\u00e4 K\u00e1fet Aavasaksan Rinteet, Auroria Oy, Vaaranlaita 143, 95620 AAVASAKSA, FinlandS\u00e4hk\u00f6posti: kafet@aavasaksanrinteet.fi 2. Rekister\u00f6ityjen tiedot Ker\u00e4\u00e4mme asiakkaidemme perustiedot, kuten nimen, s\u00e4hk\u00f6postiosoitteen ja maksutiedot. Maksutietojen k\u00e4sittely tapahtuu Stripe-maksupalvelun kautta, emmek\u00e4 tallenna luottokorttitietoja omiin j\u00e4rjestelmiimme. 3. Henkil\u00f6tietojen k\u00e4ytt\u00f6tarkoitus Henkil\u00f6tietoja k\u00e4ytet\u00e4\u00e4n tilausten k\u00e4sittelyyn, lippujen toimitukseen, lippujen yksil\u00f6imiseen, asiakaspalveluun ja mahdollisiin markkinointitarkoituksiin, mik\u00e4li asiakas on antanut siihen suostumuksensa. [&hellip;]<\/p>\n","protected":false},"author":1,"featured_media":0,"parent":0,"menu_order":0,"comment_status":"closed","ping_status":"open","template":"","meta":{"footnotes":""},"class_list":["post-3","page","type-page","status-publish","hentry"],"_links":{"self":[{"href":"https:\/\/kauppa.aavasaksanrinteet.fi\/de\/wp-json\/wp\/v2\/pages\/3","targetHints":{"allow":["GET"]}}],"collection":[{"href":"https:\/\/kauppa.aavasaksanrinteet.fi\/de\/wp-json\/wp\/v2\/pages"}],"about":[{"href":"https:\/\/kauppa.aavasaksanrinteet.fi\/de\/wp-json\/wp\/v2\/types\/page"}],"author":[{"embeddable":true,"href":"https:\/\/kauppa.aavasaksanrinteet.fi\/de\/wp-json\/wp\/v2\/users\/1"}],"replies":[{"embeddable":true,"href":"https:\/\/kauppa.aavasaksanrinteet.fi\/de\/wp-json\/wp\/v2\/comments?post=3"}],"version-history":[{"count":6,"href":"https:\/\/kauppa.aavasaksanrinteet.fi\/de\/wp-json\/wp\/v2\/pages\/3\/revisions"}],"predecessor-version":[{"id":1727,"href":"https:\/\/kauppa.aavasaksanrinteet.fi\/de\/wp-json\/wp\/v2\/pages\/3\/revisions\/1727"}],"wp:attachment":[{"href":"https:\/\/kauppa.aavasaksanrinteet.fi\/de\/wp-json\/wp\/v2\/media?parent=3"}],"curies":[{"name":"wp","href":"https:\/\/api.w.org\/{rel}","templated":true}]}}