{"id":254,"date":"2023-11-30T16:04:07","date_gmt":"2023-11-30T14:04:07","guid":{"rendered":"https:\/\/kauppa.aavasaksanrinteet.fi\/?page_id=254"},"modified":"2025-11-14T15:31:53","modified_gmt":"2025-11-14T15:31:53","slug":"maksutavat","status":"publish","type":"page","link":"https:\/\/kauppa.aavasaksanrinteet.fi\/de\/maksutavat\/","title":{"rendered":"Zahlungsmethoden"},"content":{"rendered":"<p class=\"has-text-align-center\"><strong>Bei uns k\u00f6nnen Sie flexibel und sicher bezahlen. <\/strong>In unserem Online-Shop akzeptieren wir Kredit- und Debitkarten sowie Klarna, Apple Pay, Google Pay und MobilePay. Die Zahlungsabwicklung erfolgt \u00fcber Stripe. Tickets k\u00f6nnen Sie vor Ort im Skicaf\u00e9 bar (EUR und SEK), mit Kredit- und Debitkarte, MobilePay, Apple Pay, SmartumPay, Smartum-Gutschein oder ePassi-Sportgutschein bezahlen.<\/p>\n\n\n\n<p class=\"has-text-align-center\"><strong>Zahlung im Online-Shop:<\/strong> Wenn Sie Ihre Tickets im Online-Shop bezahlen, erhalten Sie diese direkt nach der Zahlung per E-Mail im PDF-Format. Jedes Ticket enth\u00e4lt einen individuellen QR-Code, der f\u00fcr die Nutzung der Skilifte erforderlich ist. Der QR-Code wird beim Kontrollieren der Liftkarten gescannt, um deren G\u00fcltigkeit zu \u00fcberpr\u00fcfen. <\/p>\n\n\n\n<p class=\"has-text-align-center\"><strong>Bezahlung vor Ort:<\/strong> Wenn Sie Ihre Tickets vor Ort bezahlen, erhalten Sie diese nach Zahlungseingang per E-Mail im PDF-Format. Das Ticket enth\u00e4lt einen QR-Code, der beim Kontrollieren der Liftkarten gescannt wird. Im Pistencaf\u00e9 k\u00f6nnen Sie bar (EUR und SEK), mit Kredit- und Debitkarte, SmartumPay, Smartum-Gutschein oder ePassi-Sportgutschein bezahlen.<\/p>\n\n\n\n<p class=\"has-text-align-center\">Die Tickets sind personengebunden und k\u00f6nnen nicht an andere Personen \u00fcbertragen werden.<\/p>\n\n\n\n<p><\/p>","protected":false},"excerpt":{"rendered":"<p>Meill\u00e4 voit maksaa joustavasti ja turvallisesti. Hyv\u00e4ksymme verkkokaupassa Credit ja Debit -kortit sek\u00e4 Klarnan, Apple Pay:n, Google Pay:n ja MobilePay:n, jotka k\u00e4sitell\u00e4\u00e4n Stripe-maksupalvelun kautta. Lis\u00e4ksi tarjoamme mahdollisuuden maksaa liput paikan p\u00e4\u00e4ll\u00e4 rinnekahviossa k\u00e4teisell\u00e4 (EUR ja SEK), Credit ja Debit -korteilla, MobilePay, Apple Pay, SmartumPay, Smartum-setelill\u00e4 tai epassi liikuntaedulla. Maksu verkkokaupassa: Kun maksat liput verkkokaupassa, saat [&hellip;]<\/p>\n","protected":false},"author":1,"featured_media":0,"parent":0,"menu_order":0,"comment_status":"closed","ping_status":"closed","template":"","meta":{"footnotes":""},"class_list":["post-254","page","type-page","status-publish","hentry"],"_links":{"self":[{"href":"https:\/\/kauppa.aavasaksanrinteet.fi\/de\/wp-json\/wp\/v2\/pages\/254","targetHints":{"allow":["GET"]}}],"collection":[{"href":"https:\/\/kauppa.aavasaksanrinteet.fi\/de\/wp-json\/wp\/v2\/pages"}],"about":[{"href":"https:\/\/kauppa.aavasaksanrinteet.fi\/de\/wp-json\/wp\/v2\/types\/page"}],"author":[{"embeddable":true,"href":"https:\/\/kauppa.aavasaksanrinteet.fi\/de\/wp-json\/wp\/v2\/users\/1"}],"replies":[{"embeddable":true,"href":"https:\/\/kauppa.aavasaksanrinteet.fi\/de\/wp-json\/wp\/v2\/comments?post=254"}],"version-history":[{"count":8,"href":"https:\/\/kauppa.aavasaksanrinteet.fi\/de\/wp-json\/wp\/v2\/pages\/254\/revisions"}],"predecessor-version":[{"id":2648,"href":"https:\/\/kauppa.aavasaksanrinteet.fi\/de\/wp-json\/wp\/v2\/pages\/254\/revisions\/2648"}],"wp:attachment":[{"href":"https:\/\/kauppa.aavasaksanrinteet.fi\/de\/wp-json\/wp\/v2\/media?parent=254"}],"curies":[{"name":"wp","href":"https:\/\/api.w.org\/{rel}","templated":true}]}}