{"id":11,"date":"2023-12-14T01:26:00","date_gmt":"2023-12-13T23:26:00","guid":{"rendered":"http:\/\/hissilippu1.fi\/?page_id=11"},"modified":"2025-11-14T15:34:59","modified_gmt":"2025-11-14T15:34:59","slug":"refund_returns","status":"publish","type":"page","link":"https:\/\/kauppa.aavasaksanrinteet.fi\/de\/refund_returns\/","title":{"rendered":"Nutzungsbedingungen und R\u00fcckgabebedingungen"},"content":{"rendered":"<p>Mit dem Kauf einer Liftkarte bzw. Saisonkarte erkl\u00e4ren Sie sich mit der Einhaltung folgender Bedingungen einverstanden:<\/p>\n\n\n\n<ol class=\"wp-block-list\">\n<li><strong>Nutzung von Liftkarten und Saisonkarten<\/strong>: Alle Liftkarten und Saisonkarten sind personengebunden. Nur die Person, die das Ticket oder die Karte gekauft hat, ist berechtigt, diese zu nutzen, mit Ausnahme von Tickets, die f\u00fcr den Eigengebrauch\/die Bibliothek der Gemeinde Ylitornio ausgestellt wurden. Der Weiterverkauf s\u00e4mtlicher Lifttickets ist untersagt.<br>Eine unsachgem\u00e4\u00dfe Verwendung f\u00fchrt zum sofortigen Entzug des Tickets.<\/li>\n\n\n\n<li><strong>Stornierungs- und R\u00fcckgabebedingungen<\/strong>: Wir halten uns an die vom finnischen Skizentrumsverband und dem Verbrauchervertreter vereinbarten Vertragsbedingungen f\u00fcr Skizentrumsdienstleistungen, die Sie finden k\u00f6nnen <a href=\"https:\/\/www.ski.fi\/info\/sopimusehdot\/hiihtokeskuspalveluiden-sopimusehdot\/\">von hier<\/a>. Dar\u00fcber hinaus gelten im Skizentrum Aavasaksa folgende Stornierungsbedingungen:\n<ul class=\"wp-block-list\">\n<li>Ein gekauftes Ticket kann nicht umgetauscht, ge\u00e4ndert oder storniert werden, au\u00dfer in F\u00e4llen h\u00f6herer Gewalt oder Krankheit mit \u00e4rztlichem Attest.<\/li>\n\n\n\n<li>Im Falle einer Stornierung oder \u00c4nderung berechnen wir eine Bearbeitungsgeb\u00fchr von 15 \u20ac pro Veranstaltung.<\/li>\n<\/ul>\n<\/li>\n\n\n\n<li><strong>H\u00f6here Gewalt<\/strong>: Naturereignisse wie starker Frost (-20 \u00b0C), St\u00fcrme oder \u00e4hnliche Ereignisse, die den normalen Betrieb des Skizentrums verhindern, gelten als Situationen h\u00f6herer Gewalt. F\u00fcr witterungsbedingte Sperrungen der Skilifte wird den Inhabern von Saisonkarten keine R\u00fcckerstattung gew\u00e4hrt.<\/li>\n\n\n\n<li><strong>Andere Bedingungen<\/strong>: Weitere Bedingungen des Skizentrums, wie Sicherheitsbestimmungen und Hinweise, k\u00f6nnen im B\u00fcro des Skizentrums und auf der Website eingesehen werden.<\/li>\n<\/ol>\n\n\n\n<p>Wir behalten uns das Recht vor, diese Allgemeinen Gesch\u00e4ftsbedingungen zu \u00e4ndern. Kunden sollten sich \u00fcber die geltenden Bedingungen auf der Website des Skizentrums informieren oder im B\u00fcro des Skizentrums nachfragen.<\/p>\n\n\n\n<p><\/p>","protected":false},"excerpt":{"rendered":"<p>Mit dem Kauf eines Lifttickets oder einer Saisonkarte akzeptieren Sie die folgenden Bedingungen: Wir behalten uns das Recht vor, diese Bedingungen zu \u00e4ndern. Kunden sollten die aktuellen Bedingungen auf der Website des Skigebiets oder im Skigebietsb\u00fcro einsehen.<\/p>","protected":false},"author":1,"featured_media":0,"parent":0,"menu_order":0,"comment_status":"closed","ping_status":"closed","template":"","meta":{"footnotes":""},"class_list":["post-11","page","type-page","status-publish","hentry"],"_links":{"self":[{"href":"https:\/\/kauppa.aavasaksanrinteet.fi\/de\/wp-json\/wp\/v2\/pages\/11","targetHints":{"allow":["GET"]}}],"collection":[{"href":"https:\/\/kauppa.aavasaksanrinteet.fi\/de\/wp-json\/wp\/v2\/pages"}],"about":[{"href":"https:\/\/kauppa.aavasaksanrinteet.fi\/de\/wp-json\/wp\/v2\/types\/page"}],"author":[{"embeddable":true,"href":"https:\/\/kauppa.aavasaksanrinteet.fi\/de\/wp-json\/wp\/v2\/users\/1"}],"replies":[{"embeddable":true,"href":"https:\/\/kauppa.aavasaksanrinteet.fi\/de\/wp-json\/wp\/v2\/comments?post=11"}],"version-history":[{"count":4,"href":"https:\/\/kauppa.aavasaksanrinteet.fi\/de\/wp-json\/wp\/v2\/pages\/11\/revisions"}],"predecessor-version":[{"id":2650,"href":"https:\/\/kauppa.aavasaksanrinteet.fi\/de\/wp-json\/wp\/v2\/pages\/11\/revisions\/2650"}],"wp:attachment":[{"href":"https:\/\/kauppa.aavasaksanrinteet.fi\/de\/wp-json\/wp\/v2\/media?parent=11"}],"curies":[{"name":"wp","href":"https:\/\/api.w.org\/{rel}","templated":true}]}}